{"id":1986,"date":"2018-06-06T18:55:17","date_gmt":"2018-06-06T18:55:17","guid":{"rendered":"https:\/\/amadofolch.com\/gemas\/"},"modified":"2026-03-12T19:36:12","modified_gmt":"2026-03-12T19:36:12","slug":"gemas","status":"publish","type":"page","link":"https:\/\/amadofolch.com\/es\/gemas\/","title":{"rendered":"Gemas"},"content":{"rendered":"<p>[et_pb_section fb_built=\u00bb1&#8243; _builder_version=\u00bb4.16&#8243; background_color=\u00bb#f4f4f4&#8243; custom_padding=\u00bb22px|0px|18px|0px\u00bb global_colors_info=\u00bb{}\u00bb][et_pb_row _builder_version=\u00bb4.16&#8243; background_size=\u00bbinitial\u00bb background_position=\u00bbtop_left\u00bb background_repeat=\u00bbrepeat\u00bb global_colors_info=\u00bb{}\u00bb][et_pb_column type=\u00bb4_4&#8243; _builder_version=\u00bb4.16&#8243; custom_padding=\u00bb|||\u00bb global_colors_info=\u00bb{}\u00bb custom_padding__hover=\u00bb|||\u00bb][et_pb_text _builder_version=\u00bb4.27.6&#8243; text_font=\u00bbAbel||||||||\u00bb text_font_size=\u00bb20px\u00bb header_font=\u00bb||||||||\u00bb max_width=\u00bb864px\u00bb module_alignment=\u00bbcenter\u00bb custom_padding=\u00bb||0px|||\u00bb global_colors_info=\u00bb{}\u00bb]<\/p>\n<p style=\"text-align: justify;\">Descubre mi selecci\u00f3n de <strong>gemas naturales facetadas con precisi\u00f3n<\/strong>: piezas \u00fanicas que tallo a partir de cristales en bruto, buscando el m\u00e1ximo brillo y la mejor orientaci\u00f3n del color. Aqu\u00ed encontrar\u00e1s gemas para joyer\u00eda (anillos, colgantes o pendientes), con informaci\u00f3n clara sobre peso, medidas y talla. Todas las gemas tienen un peque\u00f1o v\u00eddeo con luz natural e incluyen un certificado gemol\u00f3gico completo.<\/p>\n<p>[\/et_pb_text][\/et_pb_column][\/et_pb_row][\/et_pb_section][et_pb_section fb_built=\u00bb1&#8243; module_id=\u00bbaf-new-collection\u00bb _builder_version=\u00bb4.16&#8243; global_colors_info=\u00bb{}\u00bb][et_pb_row _builder_version=\u00bb4.16&#8243; background_size=\u00bbinitial\u00bb background_position=\u00bbtop_left\u00bb background_repeat=\u00bbrepeat\u00bb locked=\u00bboff\u00bb global_colors_info=\u00bb{}\u00bb][et_pb_column type=\u00bb4_4&#8243; _builder_version=\u00bb4.16&#8243; custom_padding=\u00bb|||\u00bb global_colors_info=\u00bb{}\u00bb custom_padding__hover=\u00bb|||\u00bb][et_pb_text _builder_version=\u00bb4.27.5&#8243; text_font=\u00bbAbel||||||||\u00bb text_font_size=\u00bb17px\u00bb text_orientation=\u00bbcenter\u00bb global_colors_info=\u00bb{}\u00bb]<div class=\"woocommerce columns-5\"><ul class=\"products columns-5\">\n<li class=\"product-category product first\">\n\t<a aria-label=\"Visitar la categor\u00eda de producto Berilos\" href=\"https:\/\/amadofolch.com\/es\/product-category\/berilos-naturales\/\"><img loading=\"lazy\" decoding=\"async\" src=\"https:\/\/amadofolch.com\/wp-content\/uploads\/2026\/02\/IMG_2991-600x600.jpg\" alt=\"Berilos\" width=\"600\" height=\"600\" srcset=\"https:\/\/amadofolch.com\/wp-content\/uploads\/2026\/02\/IMG_2991-600x600.jpg 600w, https:\/\/amadofolch.com\/wp-content\/uploads\/2026\/02\/IMG_2991-480x480.jpg 480w\" sizes=\"(min-width: 0px) and (max-width: 480px) 480px, (min-width: 481px) 600px, 100vw\" \/>\t\t<h2 class=\"woocommerce-loop-category__title\">\n\t\t\tBerilos <mark class=\"count\">(5)<\/mark>\t\t<\/h2>\n\t\t<\/a><\/li>\n<li class=\"product-category product\">\n\t<a aria-label=\"Visitar la categor\u00eda de producto Circones\" href=\"https:\/\/amadofolch.com\/es\/product-category\/circones\/\"><img loading=\"lazy\" decoding=\"async\" src=\"https:\/\/amadofolch.com\/wp-content\/uploads\/2026\/02\/IMG_2994-600x600.jpg\" alt=\"Circones\" width=\"600\" height=\"600\" srcset=\"https:\/\/amadofolch.com\/wp-content\/uploads\/2026\/02\/IMG_2994-600x600.jpg 600w, https:\/\/amadofolch.com\/wp-content\/uploads\/2026\/02\/IMG_2994-480x480.jpg 480w\" sizes=\"(min-width: 0px) and (max-width: 480px) 480px, (min-width: 481px) 600px, 100vw\" \/>\t\t<h2 class=\"woocommerce-loop-category__title\">\n\t\t\tCircones <mark class=\"count\">(2)<\/mark>\t\t<\/h2>\n\t\t<\/a><\/li>\n<li class=\"product-category product\">\n\t<a aria-label=\"Visitar la categor\u00eda de producto Colecci\u00f3n\" href=\"https:\/\/amadofolch.com\/es\/product-category\/gemas-de-coleccion\/\"><img loading=\"lazy\" decoding=\"async\" src=\"https:\/\/amadofolch.com\/wp-content\/uploads\/2026\/02\/IMG_3003-600x600.jpg\" alt=\"Colecci\u00f3n\" width=\"600\" height=\"600\" srcset=\"https:\/\/amadofolch.com\/wp-content\/uploads\/2026\/02\/IMG_3003-600x600.jpg 600w, https:\/\/amadofolch.com\/wp-content\/uploads\/2026\/02\/IMG_3003-480x480.jpg 480w\" sizes=\"(min-width: 0px) and (max-width: 480px) 480px, (min-width: 481px) 600px, 100vw\" \/>\t\t<h2 class=\"woocommerce-loop-category__title\">\n\t\t\tColecci\u00f3n <mark class=\"count\">(8)<\/mark>\t\t<\/h2>\n\t\t<\/a><\/li>\n<li class=\"product-category product\">\n\t<a aria-label=\"Visitar la categor\u00eda de producto Cuarzo\" href=\"https:\/\/amadofolch.com\/es\/product-category\/cuarzo\/\"><img loading=\"lazy\" decoding=\"async\" src=\"https:\/\/amadofolch.com\/wp-content\/uploads\/2026\/02\/IMG_2993-600x600.jpg\" alt=\"Cuarzo\" width=\"600\" height=\"600\" srcset=\"https:\/\/amadofolch.com\/wp-content\/uploads\/2026\/02\/IMG_2993-600x600.jpg 600w, https:\/\/amadofolch.com\/wp-content\/uploads\/2026\/02\/IMG_2993-480x480.jpg 480w\" sizes=\"(min-width: 0px) and (max-width: 480px) 480px, (min-width: 481px) 600px, 100vw\" \/>\t\t<h2 class=\"woocommerce-loop-category__title\">\n\t\t\tCuarzo <mark class=\"count\">(6)<\/mark>\t\t<\/h2>\n\t\t<\/a><\/li>\n<li class=\"product-category product last\">\n\t<a aria-label=\"Visitar la categor\u00eda de producto El Hoyazo\" href=\"https:\/\/amadofolch.com\/es\/product-category\/el-hoyazo\/\"><img loading=\"lazy\" decoding=\"async\" src=\"https:\/\/amadofolch.com\/wp-content\/uploads\/2026\/02\/IMG_2990-600x600.jpg\" alt=\"El Hoyazo\" width=\"600\" height=\"600\" srcset=\"https:\/\/amadofolch.com\/wp-content\/uploads\/2026\/02\/IMG_2990-600x600.jpg 600w, https:\/\/amadofolch.com\/wp-content\/uploads\/2026\/02\/IMG_2990-480x480.jpg 480w\" sizes=\"(min-width: 0px) and (max-width: 480px) 480px, (min-width: 481px) 600px, 100vw\" \/>\t\t<h2 class=\"woocommerce-loop-category__title\">\n\t\t\tEl Hoyazo <mark class=\"count\">(3)<\/mark>\t\t<\/h2>\n\t\t<\/a><\/li>\n<li class=\"product-category product first\">\n\t<a aria-label=\"Visitar la categor\u00eda de producto Granates\" href=\"https:\/\/amadofolch.com\/es\/product-category\/granates\/\"><img loading=\"lazy\" decoding=\"async\" src=\"https:\/\/amadofolch.com\/wp-content\/uploads\/2026\/02\/IMG_2995-600x600.jpg\" alt=\"Granates\" width=\"600\" height=\"600\" srcset=\"https:\/\/amadofolch.com\/wp-content\/uploads\/2026\/02\/IMG_2995-600x600.jpg 600w, https:\/\/amadofolch.com\/wp-content\/uploads\/2026\/02\/IMG_2995-480x480.jpg 480w\" sizes=\"(min-width: 0px) and (max-width: 480px) 480px, (min-width: 481px) 600px, 100vw\" \/>\t\t<h2 class=\"woocommerce-loop-category__title\">\n\t\t\tGranates <mark class=\"count\">(3)<\/mark>\t\t<\/h2>\n\t\t<\/a><\/li>\n<li class=\"product-category product\">\n\t<a aria-label=\"Visitar la categor\u00eda de producto Iolitas\" href=\"https:\/\/amadofolch.com\/es\/product-category\/iolitas\/\"><img loading=\"lazy\" decoding=\"async\" src=\"https:\/\/amadofolch.com\/wp-content\/uploads\/2026\/02\/IMG_2996-600x600.jpg\" alt=\"Iolitas\" width=\"600\" height=\"600\" srcset=\"https:\/\/amadofolch.com\/wp-content\/uploads\/2026\/02\/IMG_2996-600x600.jpg 600w, https:\/\/amadofolch.com\/wp-content\/uploads\/2026\/02\/IMG_2996-480x480.jpg 480w\" sizes=\"(min-width: 0px) and (max-width: 480px) 480px, (min-width: 481px) 600px, 100vw\" \/>\t\t<h2 class=\"woocommerce-loop-category__title\">\n\t\t\tIolitas <mark class=\"count\">(1)<\/mark>\t\t<\/h2>\n\t\t<\/a><\/li>\n<li class=\"product-category product\">\n\t<a aria-label=\"Visitar la categor\u00eda de producto Peridotos\" href=\"https:\/\/amadofolch.com\/es\/product-category\/peridotos\/\"><img loading=\"lazy\" decoding=\"async\" src=\"https:\/\/amadofolch.com\/wp-content\/uploads\/2026\/02\/IMG_3002-600x600.jpg\" alt=\"Peridotos\" width=\"600\" height=\"600\" srcset=\"https:\/\/amadofolch.com\/wp-content\/uploads\/2026\/02\/IMG_3002-600x600.jpg 600w, https:\/\/amadofolch.com\/wp-content\/uploads\/2026\/02\/IMG_3002-480x480.jpg 480w\" sizes=\"(min-width: 0px) and (max-width: 480px) 480px, (min-width: 481px) 600px, 100vw\" \/>\t\t<h2 class=\"woocommerce-loop-category__title\">\n\t\t\tPeridotos <mark class=\"count\">(3)<\/mark>\t\t<\/h2>\n\t\t<\/a><\/li>\n<li class=\"product-category product\">\n\t<a aria-label=\"Visitar la categor\u00eda de producto Tanzanitas\" href=\"https:\/\/amadofolch.com\/es\/product-category\/tanzanitas\/\"><img loading=\"lazy\" decoding=\"async\" src=\"https:\/\/amadofolch.com\/wp-content\/uploads\/2026\/02\/IMG_3001-600x600.jpg\" alt=\"Tanzanitas\" width=\"600\" height=\"600\" srcset=\"https:\/\/amadofolch.com\/wp-content\/uploads\/2026\/02\/IMG_3001-600x600.jpg 600w, https:\/\/amadofolch.com\/wp-content\/uploads\/2026\/02\/IMG_3001-480x480.jpg 480w\" sizes=\"(min-width: 0px) and (max-width: 480px) 480px, (min-width: 481px) 600px, 100vw\" \/>\t\t<h2 class=\"woocommerce-loop-category__title\">\n\t\t\tTanzanitas <mark class=\"count\">(2)<\/mark>\t\t<\/h2>\n\t\t<\/a><\/li>\n<li class=\"product-category product last\">\n\t<a aria-label=\"Visitar la categor\u00eda de producto Topacios\" href=\"https:\/\/amadofolch.com\/es\/product-category\/topacios\/\"><img loading=\"lazy\" decoding=\"async\" src=\"https:\/\/amadofolch.com\/wp-content\/uploads\/2026\/02\/IMG_2999-600x600.jpg\" alt=\"Topacios\" width=\"600\" height=\"600\" srcset=\"https:\/\/amadofolch.com\/wp-content\/uploads\/2026\/02\/IMG_2999-600x600.jpg 600w, https:\/\/amadofolch.com\/wp-content\/uploads\/2026\/02\/IMG_2999-480x480.jpg 480w\" sizes=\"(min-width: 0px) and (max-width: 480px) 480px, (min-width: 481px) 600px, 100vw\" \/>\t\t<h2 class=\"woocommerce-loop-category__title\">\n\t\t\tTopacios <mark class=\"count\">(2)<\/mark>\t\t<\/h2>\n\t\t<\/a><\/li>\n<li class=\"product-category product first\">\n\t<a aria-label=\"Visitar la categor\u00eda de producto Turmalinas\" href=\"https:\/\/amadofolch.com\/es\/product-category\/turmalinas-naturales\/\"><img loading=\"lazy\" decoding=\"async\" src=\"https:\/\/amadofolch.com\/wp-content\/uploads\/2026\/02\/IMG_2998-600x600.jpg\" alt=\"Turmalinas\" width=\"600\" height=\"600\" srcset=\"https:\/\/amadofolch.com\/wp-content\/uploads\/2026\/02\/IMG_2998-600x600.jpg 600w, https:\/\/amadofolch.com\/wp-content\/uploads\/2026\/02\/IMG_2998-480x480.jpg 480w\" sizes=\"(min-width: 0px) and (max-width: 480px) 480px, (min-width: 481px) 600px, 100vw\" \/>\t\t<h2 class=\"woocommerce-loop-category__title\">\n\t\t\tTurmalinas <mark class=\"count\">(8)<\/mark>\t\t<\/h2>\n\t\t<\/a><\/li>\n<li class=\"product-category product\">\n\t<a aria-label=\"Visitar la categor\u00eda de producto Zafiros\" href=\"https:\/\/amadofolch.com\/es\/product-category\/zafiros\/\"><img loading=\"lazy\" decoding=\"async\" src=\"https:\/\/amadofolch.com\/wp-content\/uploads\/2026\/02\/IMG_2997-600x600.jpg\" alt=\"Zafiros\" width=\"600\" height=\"600\" srcset=\"https:\/\/amadofolch.com\/wp-content\/uploads\/2026\/02\/IMG_2997-600x600.jpg 600w, https:\/\/amadofolch.com\/wp-content\/uploads\/2026\/02\/IMG_2997-480x480.jpg 480w\" sizes=\"(min-width: 0px) and (max-width: 480px) 480px, (min-width: 481px) 600px, 100vw\" \/>\t\t<h2 class=\"woocommerce-loop-category__title\">\n\t\t\tZafiros <mark class=\"count\">(3)<\/mark>\t\t<\/h2>\n\t\t<\/a><\/li>\n<\/ul>\n<\/div><br \/>\n[\/et_pb_text][\/et_pb_column][\/et_pb_row][et_pb_row _builder_version=\u00bb4.16&#8243; background_size=\u00bbinitial\u00bb background_position=\u00bbtop_left\u00bb background_repeat=\u00bbrepeat\u00bb global_colors_info=\u00bb{}\u00bb][et_pb_column type=\u00bb4_4&#8243; _builder_version=\u00bb4.16&#8243; custom_padding=\u00bb|||\u00bb global_colors_info=\u00bb{}\u00bb custom_padding__hover=\u00bb|||\u00bb][et_pb_shop type=\u00bbproduct_category\u00bb posts_number=\u00bb2000&#8243; include_categories=\u00bb40&#8243; columns_number=\u00bb4&#8243; orderby=\u00bbdate-desc\u00bb module_id=\u00bbaf-image-new\u00bb _builder_version=\u00bb4.16&#8243; title_font_size=\u00bb20px\u00bb price_font=\u00bb|700|on||||||\u00bb price_text_color=\u00bb#a5a5a5&#8243; price_font_size=\u00bb17px\u00bb text_orientation=\u00bbcenter\u00bb border_width_all_image=\u00bb1px\u00bb border_color_all_image=\u00bbrgba(51,51,51,0.17)\u00bb box_shadow_style_image=\u00bbpreset1&#8243; global_colors_info=\u00bb{}\u00bb][\/et_pb_shop][\/et_pb_column][\/et_pb_row][\/et_pb_section][et_pb_section fb_built=\u00bb1&#8243; _builder_version=\u00bb4.27.5&#8243; _module_preset=\u00bbdefault\u00bb global_colors_info=\u00bb{}\u00bb][et_pb_row _builder_version=\u00bb4.27.5&#8243; _module_preset=\u00bbdefault\u00bb global_colors_info=\u00bb{}\u00bb][et_pb_column type=\u00bb4_4&#8243; _builder_version=\u00bb4.27.5&#8243; _module_preset=\u00bbdefault\u00bb global_colors_info=\u00bb{}\u00bb][et_pb_text _builder_version=\u00bb4.27.6&#8243; _module_preset=\u00bbdefault\u00bb text_font=\u00bbAbel||||||||\u00bb text_font_size=\u00bb20px\u00bb global_colors_info=\u00bb{}\u00bb]<\/p>\n<p><strong>Preguntas frecuentes<\/strong><\/p>\n<p>&nbsp;<\/p>\n<p><strong>\u00bfLas gemas son naturales?<\/strong><\/p>\n<p>S\u00ed. Trabajo solo con gemas naturales y cada pieza est\u00e1 tallada con precisi\u00f3n. En cada ficha encontrar\u00e1s todos los detalles \u00a0(peso, medidas, talla y caracter\u00edsticas).<\/p>\n<p>&nbsp;<\/p>\n<p><strong>\u00bfIncluyen certificado?<\/strong><\/p>\n<p>Todas las gemas incluyen su certificado gemol\u00f3gico, en el cual se indican todas las caracter\u00edsticas de la gema, su or\u00edgen, si tiene tratamiento as\u00ed como una foto del cristal en bruto de la cual ha sido tallada y el diagrama de talla.<\/p>\n<p>&nbsp;<\/p>\n<p><strong>\u00bfHaces tallas por encargo?<\/strong><\/p>\n<p>S\u00ed. Si buscas una gema concreta (tama\u00f1o, color, tipo de talla o presupuesto), puedo asesorarte y, cuando es posible, tallarla bajo encargo.<\/p>\n<p>&nbsp;<\/p>\n<p><strong>\u00bfEnv\u00edos?<\/strong><\/p>\n<p>Realizo env\u00edos y te confirmar\u00e9 las condiciones antes de finalizar el pedido siempre puedes contactar conmigo para cualquier duda.<\/p>\n<p>&nbsp;<\/p>\n<p>[\/et_pb_text][\/et_pb_column][\/et_pb_row][\/et_pb_section]<\/p>\n","protected":false},"excerpt":{"rendered":"<p>Descubre mi selecci\u00f3n de gemas naturales facetadas con precisi\u00f3n: piezas \u00fanicas que tallo a partir de cristales en bruto, buscando el m\u00e1ximo brillo y la mejor orientaci\u00f3n del color. Aqu\u00ed encontrar\u00e1s gemas para joyer\u00eda (anillos, colgantes o pendientes), con informaci\u00f3n clara sobre peso, medidas y talla. Todas las gemas tienen un peque\u00f1o v\u00eddeo con luz [&hellip;]<\/p>\n","protected":false},"author":2,"featured_media":0,"parent":0,"menu_order":0,"comment_status":"closed","ping_status":"closed","template":"","meta":{"_et_pb_use_builder":"on","_et_pb_old_content":"","_et_gb_content_width":"","footnotes":""},"class_list":["post-1986","page","type-page","status-publish","hentry"],"_links":{"self":[{"href":"https:\/\/amadofolch.com\/es\/wp-json\/wp\/v2\/pages\/1986","targetHints":{"allow":["GET"]}}],"collection":[{"href":"https:\/\/amadofolch.com\/es\/wp-json\/wp\/v2\/pages"}],"about":[{"href":"https:\/\/amadofolch.com\/es\/wp-json\/wp\/v2\/types\/page"}],"author":[{"embeddable":true,"href":"https:\/\/amadofolch.com\/es\/wp-json\/wp\/v2\/users\/2"}],"replies":[{"embeddable":true,"href":"https:\/\/amadofolch.com\/es\/wp-json\/wp\/v2\/comments?post=1986"}],"version-history":[{"count":38,"href":"https:\/\/amadofolch.com\/es\/wp-json\/wp\/v2\/pages\/1986\/revisions"}],"predecessor-version":[{"id":5103,"href":"https:\/\/amadofolch.com\/es\/wp-json\/wp\/v2\/pages\/1986\/revisions\/5103"}],"wp:attachment":[{"href":"https:\/\/amadofolch.com\/es\/wp-json\/wp\/v2\/media?parent=1986"}],"curies":[{"name":"wp","href":"https:\/\/api.w.org\/{rel}","templated":true}]}}