{"id":2015,"date":"2018-06-06T18:55:44","date_gmt":"2018-06-06T18:55:44","guid":{"rendered":"https:\/\/amadofolch.com\/el-arte-de-facetar\/"},"modified":"2026-02-11T18:30:41","modified_gmt":"2026-02-11T18:30:41","slug":"el-arte-de-facetar","status":"publish","type":"page","link":"https:\/\/amadofolch.com\/es\/el-arte-de-facetar\/","title":{"rendered":"El arte de facetar"},"content":{"rendered":"<p>[et_pb_section fb_built=\u00bb1&#8243; _builder_version=\u00bb4.16&#8243; background_color=\u00bb#f4f4f4&#8243; custom_padding=\u00bb22px|0px|18px|0px\u00bb locked=\u00bboff\u00bb global_colors_info=\u00bb{}\u00bb][et_pb_row _builder_version=\u00bb4.16&#8243; background_size=\u00bbinitial\u00bb background_position=\u00bbtop_left\u00bb background_repeat=\u00bbrepeat\u00bb global_colors_info=\u00bb{}\u00bb][et_pb_column type=\u00bb4_4&#8243; _builder_version=\u00bb4.16&#8243; custom_padding=\u00bb|||\u00bb global_colors_info=\u00bb{}\u00bb custom_padding__hover=\u00bb|||\u00bb][et_pb_text _builder_version=\u00bb4.27.5&#8243; text_font=\u00bbAbel||||||||\u00bb text_font_size=\u00bb20px\u00bb header_font=\u00bb||||||||\u00bb max_width=\u00bb700px\u00bb module_alignment=\u00bbcenter\u00bb custom_padding=\u00bb||0px|||\u00bb hover_enabled=\u00bb0&#8243; global_colors_info=\u00bb{}\u00bb sticky_enabled=\u00bb0&#8243;]<\/p>\n<p class=\"p1\">Del cristal en bruto a una gema excepcional: precisi\u00f3n, simetr\u00eda y brillo.<\/p>\n<p>[\/et_pb_text][\/et_pb_column][\/et_pb_row][\/et_pb_section][et_pb_section fb_built=\u00bb1&#8243; _builder_version=\u00bb4.16&#8243; min_height=\u00bb222px\u00bb custom_padding=\u00bb2px||2px|||\u00bb global_colors_info=\u00bb{}\u00bb][et_pb_row _builder_version=\u00bb4.16&#8243; background_size=\u00bbinitial\u00bb background_position=\u00bbtop_left\u00bb background_repeat=\u00bbrepeat\u00bb global_colors_info=\u00bb{}\u00bb][et_pb_column type=\u00bb4_4&#8243; _builder_version=\u00bb4.16&#8243; custom_padding=\u00bb|||\u00bb global_colors_info=\u00bb{}\u00bb custom_padding__hover=\u00bb|||\u00bb][et_pb_text _builder_version=\u00bb4.27.5&#8243; text_font_size=\u00bb16px\u00bb text_orientation=\u00bbjustified\u00bb custom_padding=\u00bb0px|||||\u00bb hover_enabled=\u00bb0&#8243; global_colors_info=\u00bb{}\u00bb sticky_enabled=\u00bb0&#8243;]<\/p>\n<p>&nbsp;<\/p>\n<p><b>\u00bfQu\u00e9 es el facetado de precisi\u00f3n?<\/b><\/p>\n<p class=\"p3\">Una gema es un material natural y raro, valorado por su belleza, su dureza y sus propiedades \u00f3pticas. En bruto, muchas veces no muestra todo su potencial: por eso se talla y se pule, para revelar su brillo, su color y su car\u00e1cter.<\/p>\n<p class=\"p3\">La labor del tallador exige experiencia. Hay que estudiar cada cristal, comprender el material, identificar inclusiones o zonas de color y decidir la <span class=\"s2\"><b>orientaci\u00f3n<\/b><\/span> y el <span class=\"s2\"><b>dise\u00f1o de talla<\/b><\/span> para obtener el mejor resultado.<\/p>\n<h3>\u00a0<\/h3>\n<p><b>Talla comercial vs. talla de precisi\u00f3n<\/b><\/p>\n<p class=\"p3\">En la talla comercial, a menudo se prioriza <span class=\"s2\"><b>conservar el m\u00e1ximo peso<\/b><\/span>. Eso puede reducir el rendimiento de luz, la simetr\u00eda o el nivel de pulido, y a veces aparece la \u201cventana\u201d (zonas transparentes sin brillo).<\/p>\n<p class=\"p3\">La <span class=\"s2\"><b>talla de precisi\u00f3n<\/b><\/span> busca lo contrario: <span class=\"s2\"><b>m\u00e1xima belleza y rendimiento \u00f3ptico<\/b><\/span>. Todo empieza con una buena selecci\u00f3n del bruto y un estudio cuidadoso para definir:<\/p>\n<p>&nbsp;<\/p>\n<ul>\n<li>\n<p class=\"p1\"><span class=\"s1\"><b>Orientaci\u00f3n<\/b><\/span> (para maximizar color y brillo)<\/p>\n<\/li>\n<li>\n<p class=\"p1\"><span class=\"s1\"><b>Dise\u00f1o<\/b><\/span> (normalmente m\u00e1s elaborado y no est\u00e1ndar)<\/p>\n<\/li>\n<li>\n<p class=\"p1\"><span class=\"s1\"><b>Proporciones<\/b><\/span> (para evitar \u201cventana\u201d)<\/p>\n<\/li>\n<li>\n<p class=\"p1\"><span class=\"s1\"><b>Simetr\u00eda y pulido<\/b><\/span> (acabado impecable)<\/p>\n<\/li>\n<\/ul>\n<p>&nbsp;<\/p>\n<p class=\"p3\">Perder algo de peso no es un problema si a cambio se consigue una gema m\u00e1s bella, con m\u00e1s vida y un acabado superior.<\/p>\n<p class=\"p3\">Si buscas una joya de m\u00e1xima calidad, elige una gema trabajada con <span class=\"s2\"><b>talla de precisi\u00f3n<\/b><\/span>: la diferencia se aprecia a simple vista.<\/p>\n<p>&nbsp;<\/p>\n<p class=\"p4\"><b>Amado Folch<\/b><\/p>\n<p>[\/et_pb_text][\/et_pb_column][\/et_pb_row][\/et_pb_section][et_pb_section fb_built=\u00bb1&#8243; _builder_version=\u00bb4.16&#8243; _module_preset=\u00bbdefault\u00bb custom_padding=\u00bb8px|||||\u00bb global_colors_info=\u00bb{}\u00bb][et_pb_row column_structure=\u00bb1_3,1_3,1_3&#8243; _builder_version=\u00bb4.16&#8243; _module_preset=\u00bbdefault\u00bb locked=\u00bboff\u00bb global_colors_info=\u00bb{}\u00bb][et_pb_column type=\u00bb1_3&#8243; _builder_version=\u00bb4.16&#8243; _module_preset=\u00bbdefault\u00bb global_colors_info=\u00bb{}\u00bb][et_pb_image src=\u00bbhttps:\/\/amadofolch.com\/wp-content\/uploads\/2024\/03\/IMG_8811-1.jpg\u00bb title_text=\u00bbIMG_8811&#8243; align=\u00bbcenter\u00bb _builder_version=\u00bb4.24.2&#8243; _module_preset=\u00bbdefault\u00bb width=\u00bb69%\u00bb global_colors_info=\u00bb{}\u00bb][\/et_pb_image][et_pb_text _builder_version=\u00bb4.27.5&#8243; _module_preset=\u00bbdefault\u00bb locked=\u00bboff\u00bb global_colors_info=\u00bb{}\u00bb]<\/p>\n<p style=\"text-align: center;\">Selecci\u00f3n de la gema en bruto.<\/p>\n<p>[\/et_pb_text][\/et_pb_column][et_pb_column type=\u00bb1_3&#8243; _builder_version=\u00bb4.16&#8243; _module_preset=\u00bbdefault\u00bb global_colors_info=\u00bb{}\u00bb][et_pb_image src=\u00bbhttps:\/\/amadofolch.com\/wp-content\/uploads\/2024\/03\/IMG_8933.jpeg\u00bb title_text=\u00bbIMG_8933&#8243; align=\u00bbcenter\u00bb _builder_version=\u00bb4.24.2&#8243; _module_preset=\u00bbdefault\u00bb width=\u00bb70%\u00bb global_colors_info=\u00bb{}\u00bb][\/et_pb_image][et_pb_text _builder_version=\u00bb4.24.2&#8243; _module_preset=\u00bbdefault\u00bb global_colors_info=\u00bb{}\u00bb]<\/p>\n<p style=\"text-align: center;\">Medici\u00f3n, proporciones, decisi\u00f3n de la talla.<\/p>\n<p>[\/et_pb_text][\/et_pb_column][et_pb_column type=\u00bb1_3&#8243; _builder_version=\u00bb4.16&#8243; _module_preset=\u00bbdefault\u00bb global_colors_info=\u00bb{}\u00bb][et_pb_image src=\u00bbhttps:\/\/amadofolch.com\/wp-content\/uploads\/2023\/05\/Tur355b.jpg\u00bb title_text=\u00bbTur355b\u00bb align=\u00bbcenter\u00bb _builder_version=\u00bb4.24.2&#8243; _module_preset=\u00bbdefault\u00bb width=\u00bb70%\u00bb global_colors_info=\u00bb{}\u00bb][\/et_pb_image][et_pb_text _builder_version=\u00bb4.24.2&#8243; _module_preset=\u00bbdefault\u00bb global_colors_info=\u00bb{}\u00bb]<\/p>\n<p style=\"text-align: center;\">Preforma<\/p>\n<p>[\/et_pb_text][\/et_pb_column][\/et_pb_row][et_pb_row column_structure=\u00bb1_3,1_3,1_3&#8243; _builder_version=\u00bb4.16&#8243; _module_preset=\u00bbdefault\u00bb locked=\u00bboff\u00bb global_colors_info=\u00bb{}\u00bb][et_pb_column type=\u00bb1_3&#8243; _builder_version=\u00bb4.16&#8243; _module_preset=\u00bbdefault\u00bb global_colors_info=\u00bb{}\u00bb][et_pb_image src=\u00bbhttps:\/\/amadofolch.com\/wp-content\/uploads\/2023\/05\/Ber140t.jpg\u00bb title_text=\u00bbBer140t\u00bb align=\u00bbcenter\u00bb _builder_version=\u00bb4.24.2&#8243; _module_preset=\u00bbdefault\u00bb width=\u00bb69%\u00bb global_colors_info=\u00bb{}\u00bb][\/et_pb_image][et_pb_text _builder_version=\u00bb4.24.2&#8243; _module_preset=\u00bbdefault\u00bb global_colors_info=\u00bb{}\u00bb]<\/p>\n<p style=\"text-align: center;\">Talla y pulido del pavell\u00f3n.<\/p>\n<p>[\/et_pb_text][\/et_pb_column][et_pb_column type=\u00bb1_3&#8243; _builder_version=\u00bb4.16&#8243; _module_preset=\u00bbdefault\u00bb global_colors_info=\u00bb{}\u00bb][et_pb_image src=\u00bbhttps:\/\/amadofolch.com\/wp-content\/uploads\/2024\/03\/IMG_8970.jpeg\u00bb title_text=\u00bbIMG_8970&#8243; align=\u00bbcenter\u00bb _builder_version=\u00bb4.24.2&#8243; _module_preset=\u00bbdefault\u00bb width=\u00bb70%\u00bb global_colors_info=\u00bb{}\u00bb][\/et_pb_image][et_pb_text _builder_version=\u00bb4.24.2&#8243; _module_preset=\u00bbdefault\u00bb global_colors_info=\u00bb{}\u00bb]<\/p>\n<p style=\"text-align: center;\">Talla y pulido de la corona<\/p>\n<p>[\/et_pb_text][\/et_pb_column][et_pb_column type=\u00bb1_3&#8243; _builder_version=\u00bb4.16&#8243; _module_preset=\u00bbdefault\u00bb global_colors_info=\u00bb{}\u00bb][et_pb_image src=\u00bbhttps:\/\/amadofolch.com\/wp-content\/uploads\/2024\/03\/IMG_8932.jpeg\u00bb title_text=\u00bbIMG_8932&#8243; align=\u00bbcenter\u00bb _builder_version=\u00bb4.24.2&#8243; _module_preset=\u00bbdefault\u00bb width=\u00bb70%\u00bb global_colors_info=\u00bb{}\u00bb][\/et_pb_image][et_pb_text _builder_version=\u00bb4.24.2&#8243; _module_preset=\u00bbdefault\u00bb global_colors_info=\u00bb{}\u00bb]<\/p>\n<p style=\"text-align: center;\">Gema acabada<\/p>\n<p>[\/et_pb_text][\/et_pb_column][\/et_pb_row][\/et_pb_section][et_pb_section fb_built=\u00bb1&#8243; _builder_version=\u00bb4.16&#8243; background_color=\u00bb#f4f4f4&#8243; custom_padding=\u00bb22px|0px|18px|0px\u00bb locked=\u00bboff\u00bb global_colors_info=\u00bb{}\u00bb][et_pb_row _builder_version=\u00bb4.16&#8243; background_size=\u00bbinitial\u00bb background_position=\u00bbtop_left\u00bb background_repeat=\u00bbrepeat\u00bb global_colors_info=\u00bb{}\u00bb][et_pb_column type=\u00bb4_4&#8243; _builder_version=\u00bb4.16&#8243; custom_padding=\u00bb|||\u00bb global_colors_info=\u00bb{}\u00bb custom_padding__hover=\u00bb|||\u00bb][et_pb_text _builder_version=\u00bb4.27.5&#8243; text_font=\u00bbAbel||||||||\u00bb text_font_size=\u00bb20px\u00bb header_font=\u00bb||||||||\u00bb max_width=\u00bb700px\u00bb module_alignment=\u00bbcenter\u00bb custom_padding=\u00bb||0px|||\u00bb global_colors_info=\u00bb{}\u00bb]<\/p>\n<p class=\"p1\">Solo ofrezco gemas naturales seleccionadas, talladas una a una sin prisas. Priorizo la m\u00e1xima calidad por encima del tama\u00f1o.\u200b<\/p>\n<p>[\/et_pb_text][\/et_pb_column][\/et_pb_row][\/et_pb_section]<\/p>\n","protected":false},"excerpt":{"rendered":"<p>Del cristal en bruto a una gema excepcional: precisi\u00f3n, simetr\u00eda y brillo.&nbsp; \u00bfQu\u00e9 es el facetado de precisi\u00f3n? Una gema es un material natural y raro, valorado por su belleza, su dureza y sus propiedades \u00f3pticas. En bruto, muchas veces no muestra todo su potencial: por eso se talla y se pule, para revelar su [&hellip;]<\/p>\n","protected":false},"author":2,"featured_media":0,"parent":0,"menu_order":0,"comment_status":"closed","ping_status":"closed","template":"","meta":{"_et_pb_use_builder":"on","_et_pb_old_content":"","_et_gb_content_width":"","footnotes":""},"class_list":["post-2015","page","type-page","status-publish","hentry"],"_links":{"self":[{"href":"https:\/\/amadofolch.com\/es\/wp-json\/wp\/v2\/pages\/2015","targetHints":{"allow":["GET"]}}],"collection":[{"href":"https:\/\/amadofolch.com\/es\/wp-json\/wp\/v2\/pages"}],"about":[{"href":"https:\/\/amadofolch.com\/es\/wp-json\/wp\/v2\/types\/page"}],"author":[{"embeddable":true,"href":"https:\/\/amadofolch.com\/es\/wp-json\/wp\/v2\/users\/2"}],"replies":[{"embeddable":true,"href":"https:\/\/amadofolch.com\/es\/wp-json\/wp\/v2\/comments?post=2015"}],"version-history":[{"count":57,"href":"https:\/\/amadofolch.com\/es\/wp-json\/wp\/v2\/pages\/2015\/revisions"}],"predecessor-version":[{"id":4184,"href":"https:\/\/amadofolch.com\/es\/wp-json\/wp\/v2\/pages\/2015\/revisions\/4184"}],"wp:attachment":[{"href":"https:\/\/amadofolch.com\/es\/wp-json\/wp\/v2\/media?parent=2015"}],"curies":[{"name":"wp","href":"https:\/\/api.w.org\/{rel}","templated":true}]}}