{"id":1959,"date":"2023-05-31T18:08:33","date_gmt":"2023-05-31T18:08:33","guid":{"rendered":"https:\/\/amadofolch.com\/product\/zafiro-1-40-cts\/"},"modified":"2026-02-28T10:30:17","modified_gmt":"2026-02-28T10:30:17","slug":"zafiro-1-40-cts","status":"publish","type":"product","link":"https:\/\/amadofolch.com\/es\/product\/zafiro-1-40-cts\/","title":{"rendered":"Zafiro Azul 1.40 Ct"},"content":{"rendered":"<p>[et_pb_section fb_built=\u00bb1&#8243; _builder_version=\u00bb4.27.5&#8243; custom_margin=\u00bb||40px||false|false\u00bb custom_padding=\u00bb0px||50px||false|false\u00bb global_colors_info=\u00bb{}\u00bb][et_pb_row _builder_version=\u00bb4.16&#8243; background_size=\u00bbinitial\u00bb background_position=\u00bbtop_left\u00bb background_repeat=\u00bbrepeat\u00bb width=\u00bb100%\u00bb custom_padding=\u00bb0px||0px||false|false\u00bb global_colors_info=\u00bb{}\u00bb][et_pb_column type=\u00bb4_4&#8243; _builder_version=\u00bb4.16&#8243; custom_padding=\u00bb|||\u00bb global_colors_info=\u00bb{}\u00bb custom_padding__hover=\u00bb|||\u00bb][et_pb_wc_breadcrumb _builder_version=\u00bb4.16&#8243; global_colors_info=\u00bb{}\u00bb][\/et_pb_wc_breadcrumb][et_pb_wc_cart_notice _builder_version=\u00bb4.16&#8243; global_colors_info=\u00bb{}\u00bb][\/et_pb_wc_cart_notice][\/et_pb_column][\/et_pb_row][et_pb_row column_structure=\u00bb1_2,1_2&#8243; _builder_version=\u00bb4.16&#8243; background_size=\u00bbinitial\u00bb background_position=\u00bbtop_left\u00bb background_repeat=\u00bbrepeat\u00bb width=\u00bb100%\u00bb custom_padding=\u00bb0px||||false|false\u00bb global_colors_info=\u00bb{}\u00bb][et_pb_column type=\u00bb1_2&#8243; _builder_version=\u00bb4.16&#8243; custom_padding=\u00bb|||\u00bb global_colors_info=\u00bb{}\u00bb custom_padding__hover=\u00bb|||\u00bb][et_pb_wc_images _builder_version=\u00bb4.16&#8243; global_colors_info=\u00bb{}\u00bb][\/et_pb_wc_images][et_pb_video src=\u00bbhttps:\/\/amadofolch.com\/wp-content\/uploads\/2023\/05\/IMG_0765-3-1.mov\u00bb _builder_version=\u00bb4.27.5&#8243; _module_preset=\u00bbdefault\u00bb width=\u00bb77%\u00bb module_alignment=\u00bbcenter\u00bb locked=\u00bboff\u00bb global_colors_info=\u00bb{}\u00bb][\/et_pb_video][\/et_pb_column][et_pb_column type=\u00bb1_2&#8243; _builder_version=\u00bb4.16&#8243; custom_padding=\u00bb|||\u00bb global_colors_info=\u00bb{}\u00bb custom_padding__hover=\u00bb|||\u00bb][et_pb_wc_title _builder_version=\u00bb4.16&#8243; global_colors_info=\u00bb{}\u00bb][\/et_pb_wc_title][et_pb_wc_rating _builder_version=\u00bb4.16&#8243; global_colors_info=\u00bb{}\u00bb][\/et_pb_wc_rating][et_pb_wc_price _builder_version=\u00bb4.16&#8243; global_colors_info=\u00bb{}\u00bb][\/et_pb_wc_price][et_pb_wc_description _builder_version=\u00bb4.21.0&#8243; text_orientation=\u00bbjustified\u00bb global_colors_info=\u00bb{}\u00bb][\/et_pb_wc_description][et_pb_wc_add_to_cart show_quantity=\u00bboff\u00bb show_stock=\u00bboff\u00bb _builder_version=\u00bb4.21.0&#8243; global_colors_info=\u00bb{}\u00bb][\/et_pb_wc_add_to_cart][et_pb_wc_meta _builder_version=\u00bb4.16&#8243; global_colors_info=\u00bb{}\u00bb][\/et_pb_wc_meta][\/et_pb_column][\/et_pb_row][\/et_pb_section]<\/p>\n","protected":false},"excerpt":{"rendered":"<div class=\"woocommerce-product-details__short-description\">\n<p><strong>Gema:<\/strong> <em>Zafiro Azul<\/em><\/p>\n<p><strong>Peso<\/strong>: <em>1.40 Ct<\/em><\/p>\n<p><strong>Tama\u00f1o:<\/strong>\u00a0 <em>8.6 x 5.4 x 3.6 mm<\/em><\/p>\n<p><strong>Origen: <\/strong><em>Tailandia<\/em><\/p>\n<p><strong>Tratamiento: <\/strong><em>Sin tratamiento<\/em><\/p>\n<p><strong>Pureza: <\/strong><em>VS2 Peque\u00f1as inclusiones<\/em><\/p>\n<p><strong>Notas: <\/strong><em>Precioso Zafiro azul natural, sin tratamiento t\u00e9rmico. Color azul intenso. La talla se llama \u201cOval 1.49\u201d y es un dise\u00f1o de Ian Brown. La gema tiene peque\u00f1as inclusiones pero que no afectan al aspecto del zafiro que sin duda sera el centro de una bonita pieza de joyer\u00eda.<\/em><\/p>\n<p><span class=\"s1\"><b>Incluye certificado gemol\u00f3gico:<\/b><\/span> <i>con foto del cristal en bruto y diagrama de talla.<\/i><\/p>\n<p><img loading=\"lazy\" decoding=\"async\" class=\"alignnone wp-image-4261\" src=\"https:\/\/amadofolch.com\/wp-content\/uploads\/2026\/01\/certificatweb.jpg\" alt=\"\" width=\"400\" height=\"131\" \/><\/p>\n<\/div>\n<p>&nbsp;<\/p>\n<p><strong>Zafiro azul<\/strong><\/p>\n<p><span data-removefontsize=\"true\" data-originalcomputedfontsize=\"16\">El zafiro azul pertenece a la especie mineral <strong>corind\u00f3n.<\/strong> Puede ser de un azul puro, pero existe en pr\u00e1cticamente todos los colores menos el rojo.<\/span> <span data-removefontsize=\"true\" data-originalcomputedfontsize=\"16\">El zafiro est\u00e1 compuesto \u00fanicamente por aluminio y ox\u00edgeno lo que lo convierte en una gema muy rara. <strong>En su estado m\u00e1s puro, el corind\u00f3n es incoloro<\/strong>. El hierro y el titanio son las \u201cimpurezas\u201d que causan el precioso color azul presente en les mejores gemas. Durante siglos, el zafiro se ha asociado con la realeza y el romance. La asociaci\u00f3n se reforz\u00f3 en 1981, cuando el pr\u00edncipe Carlos de Gran Breta\u00f1a entreg\u00f3 un anillo de compromiso con un zafiro azul a Lady Di. Su anillo de zafiro ayud\u00f3 a vincular los acontecimientos modernos con la historia y los cuentos de hadas. <\/span><\/p>\n<p><span data-removefontsize=\"true\" data-originalcomputedfontsize=\"16\">En la antigua Grecia y Roma, los reyes y reinas estaban convencidos de que los zafiros azules proteg\u00edan a sus due\u00f1os de la envidia y el da\u00f1o. Durante la Edad Media, el clero usaba zafiros azules para simbolizar el Cielo, y la gente com\u00fan pensaba que la gema atra\u00eda bendiciones celestiales. En la d\u00e9cada de 1990, los descubrimientos en el este de \u00c1frica y Madagascar dieron lugar a un reconocimiento generalizado de los zafiros de lujo. Las nuevas fuentes complementaron la producci\u00f3n de las tradicionales como Sri Lanka y Madagascar y aumentaron la disponibilidad de amarillos, naranjas, rosas y morados. <strong>Los raros zafiros de Cachemira<\/strong> son intensos y aterciopelados y establecen el est\u00e1ndar de perfecci\u00f3n de esta gema.<\/span><\/p>\n<p><strong>El zafiro es la gema de septiembre.<\/strong><\/p>\n<p>&nbsp;<\/p>\n<p class=\"p1\"><span style=\"color: #ad0e0e;\">Si no est\u00e1s totalmente satisfecho, puedes <span class=\"s1\"><b>devolver la gema<\/b><\/span>.<\/span><\/p>\n","protected":false},"featured_media":2461,"template":"","meta":{"_et_pb_use_builder":"on","_et_pb_old_content":"","_et_gb_content_width":""},"product_brand":[],"product_cat":[40,75],"product_tag":[],"class_list":{"0":"post-1959","1":"product","2":"type-product","3":"status-publish","4":"has-post-thumbnail","6":"product_cat-gemstones","7":"product_cat-zafiros","9":"first","10":"instock","11":"sold-individually","12":"shipping-taxable","13":"purchasable","14":"product-type-simple"},"exclude_global_add_ons":[],"addons":[],"_links":{"self":[{"href":"https:\/\/amadofolch.com\/es\/wp-json\/wp\/v2\/product\/1959","targetHints":{"allow":["GET"]}}],"collection":[{"href":"https:\/\/amadofolch.com\/es\/wp-json\/wp\/v2\/product"}],"about":[{"href":"https:\/\/amadofolch.com\/es\/wp-json\/wp\/v2\/types\/product"}],"wp:featuredmedia":[{"embeddable":true,"href":"https:\/\/amadofolch.com\/es\/wp-json\/wp\/v2\/media\/2461"}],"wp:attachment":[{"href":"https:\/\/amadofolch.com\/es\/wp-json\/wp\/v2\/media?parent=1959"}],"wp:term":[{"taxonomy":"product_brand","embeddable":true,"href":"https:\/\/amadofolch.com\/es\/wp-json\/wp\/v2\/product_brand?post=1959"},{"taxonomy":"product_cat","embeddable":true,"href":"https:\/\/amadofolch.com\/es\/wp-json\/wp\/v2\/product_cat?post=1959"},{"taxonomy":"product_tag","embeddable":true,"href":"https:\/\/amadofolch.com\/es\/wp-json\/wp\/v2\/product_tag?post=1959"}],"curies":[{"name":"wp","href":"https:\/\/api.w.org\/{rel}","templated":true}]}}