{"id":1964,"date":"2023-05-29T17:56:32","date_gmt":"2023-05-29T17:56:32","guid":{"rendered":"https:\/\/amadofolch.com\/product\/circon-1-80-cts\/"},"modified":"2026-03-06T21:44:25","modified_gmt":"2026-03-06T21:44:25","slug":"circon-1-80-cts","status":"publish","type":"product","link":"https:\/\/amadofolch.com\/es\/product\/circon-1-80-cts\/","title":{"rendered":"Circon lavanda 1.80 Ct"},"content":{"rendered":"<p>[et_pb_section fb_built=\u00bb1&#8243; _builder_version=\u00bb4.27.6&#8243; custom_padding=\u00bb0px||50px||false|false\u00bb hover_enabled=\u00bb0&#8243; global_colors_info=\u00bb{}\u00bb custom_margin=\u00bb||40px||false|false\u00bb sticky_enabled=\u00bb0&#8243;][et_pb_row _builder_version=\u00bb4.16&#8243; background_size=\u00bbinitial\u00bb background_position=\u00bbtop_left\u00bb background_repeat=\u00bbrepeat\u00bb width=\u00bb100%\u00bb custom_padding=\u00bb0px||0px||false|false\u00bb global_colors_info=\u00bb{}\u00bb][et_pb_column type=\u00bb4_4&#8243; _builder_version=\u00bb4.16&#8243; custom_padding=\u00bb|||\u00bb global_colors_info=\u00bb{}\u00bb custom_padding__hover=\u00bb|||\u00bb][et_pb_wc_breadcrumb _builder_version=\u00bb4.16&#8243; global_colors_info=\u00bb{}\u00bb][\/et_pb_wc_breadcrumb][et_pb_wc_cart_notice _builder_version=\u00bb4.16&#8243; global_colors_info=\u00bb{}\u00bb][\/et_pb_wc_cart_notice][\/et_pb_column][\/et_pb_row][et_pb_row column_structure=\u00bb1_2,1_2&#8243; _builder_version=\u00bb4.16&#8243; background_size=\u00bbinitial\u00bb background_position=\u00bbtop_left\u00bb background_repeat=\u00bbrepeat\u00bb width=\u00bb100%\u00bb custom_padding=\u00bb0px||||false|false\u00bb global_colors_info=\u00bb{}\u00bb][et_pb_column type=\u00bb1_2&#8243; _builder_version=\u00bb4.16&#8243; custom_padding=\u00bb|||\u00bb global_colors_info=\u00bb{}\u00bb custom_padding__hover=\u00bb|||\u00bb][et_pb_wc_images _builder_version=\u00bb4.16&#8243; global_colors_info=\u00bb{}\u00bb][\/et_pb_wc_images][et_pb_video src=\u00bbhttps:\/\/amadofolch.com\/wp-content\/uploads\/2023\/05\/IMG_0781-1.mov\u00bb _builder_version=\u00bb4.27.6&#8243; _module_preset=\u00bbdefault\u00bb width=\u00bb75%\u00bb module_alignment=\u00bbcenter\u00bb locked=\u00bboff\u00bb global_colors_info=\u00bb{}\u00bb][\/et_pb_video][et_pb_text _builder_version=\u00bb4.27.6&#8243; _module_preset=\u00bbdefault\u00bb text_font=\u00bbAbel||||||||\u00bb text_font_size=\u00bb17px\u00bb text_orientation=\u00bbcenter\u00bb global_colors_info=\u00bb{}\u00bb]<\/p>\n<p>Luz natural<\/p>\n<p>[\/et_pb_text][\/et_pb_column][et_pb_column type=\u00bb1_2&#8243; _builder_version=\u00bb4.16&#8243; custom_padding=\u00bb|||\u00bb global_colors_info=\u00bb{}\u00bb custom_padding__hover=\u00bb|||\u00bb][et_pb_wc_title _builder_version=\u00bb4.16&#8243; global_colors_info=\u00bb{}\u00bb][\/et_pb_wc_title][et_pb_wc_rating _builder_version=\u00bb4.16&#8243; global_colors_info=\u00bb{}\u00bb][\/et_pb_wc_rating][et_pb_wc_price _builder_version=\u00bb4.16&#8243; global_colors_info=\u00bb{}\u00bb][\/et_pb_wc_price][et_pb_wc_description _builder_version=\u00bb4.21.0&#8243; text_orientation=\u00bbjustified\u00bb global_colors_info=\u00bb{}\u00bb][\/et_pb_wc_description][et_pb_wc_add_to_cart show_quantity=\u00bboff\u00bb show_stock=\u00bboff\u00bb _builder_version=\u00bb4.21.0&#8243; global_colors_info=\u00bb{}\u00bb][\/et_pb_wc_add_to_cart][et_pb_wc_meta _builder_version=\u00bb4.16&#8243; global_colors_info=\u00bb{}\u00bb][\/et_pb_wc_meta][\/et_pb_column][\/et_pb_row][\/et_pb_section]<\/p>\n","protected":false},"excerpt":{"rendered":"<div class=\"woocommerce-product-details__short-description\">\n<p><strong>Gema:<\/strong> <em>Circ\u00f3n<\/em><\/p>\n<p><strong>Peso<\/strong>: <em>1.80 Cts<\/em><\/p>\n<p><strong>Tama\u00f1o:<\/strong>\u00a0 <em>8.14 x 6.83 x 4.6 mm<\/em><\/p>\n<p><strong>Or\u00edgen:<\/strong> <em>Tanzania<\/em><\/p>\n<p><strong>Tratamiento:<\/strong> <em>Sin tratamiento<\/em><\/p>\n<p><strong>Pureza<\/strong>: <em>VVS1 Muy peque\u00f1as inclusiones, solo visibles con aumento.<\/em><\/p>\n<p><b>Notas:\u00a0<\/b><em>De la gema en bruto que veis en la foto he tallado este precioso Circ\u00f3n color lavanda procedente de Tanzania. (No confundir el Circon natural con la Zirconita, que es una gema sint\u00e9tica casi sin valor) Este Circ\u00f3n natural, tiene un color suave muy bonito y es una gema totalmente limpia. La talla se llama \u201cValiant 2\u201d y es un dise\u00f1o espectacular y muy original.<\/em><\/p>\n<p><span class=\"s1\"><b>Incluye certificado gemol\u00f3gico:<\/b><\/span> <i>con foto del cristal en bruto y diagrama de talla.<\/i><\/p>\n<p><img loading=\"lazy\" decoding=\"async\" class=\"alignnone wp-image-4261\" src=\"https:\/\/amadofolch.com\/wp-content\/uploads\/2026\/01\/certificatweb.jpg\" alt=\"\" width=\"400\" height=\"131\" \/><\/p>\n<\/div>\n<p>&nbsp;<\/p>\n<p style=\"font-weight: 400;\"><strong>El Circ\u00f3n natural, una gema realmente preciosa y poco reconocida.<\/strong><\/p>\n<p style=\"font-weight: 400;\"><span data-removefontsize=\"true\" data-originalcomputedfontsize=\"16\">El zirc\u00f3n es una de las gemas preciosas m\u00e1s interesantes de la naturaleza, se ha buscado y atesorado por multitud de civilizaciones sin saber que es la gema m\u00e1s antigua que jam\u00e1s ha existido, <strong>el origen<\/strong> de la cristalizaci\u00f3n <strong>del circonio<\/strong> es de hace exactamente <strong>4.400 millones de a\u00f1os<\/strong> !. Su brillo tan alto y su dispersi\u00f3n de colores le da un aspecto muy parecido al del diamante. <\/span><\/p>\n<p style=\"font-weight: 400;\"><span data-removefontsize=\"true\" data-originalcomputedfontsize=\"16\">No se debe confundir con la Zirconita que es una gema artificial, creada en el laboratorio y que no tiene ning\u00fan valor. El circ\u00f3n cristaliza en multitud de colores siendo los m\u00e1s apreciados los azules, rosados y amarillos. Algunos de estos colores se obtienen por tratamiento t\u00e9rmico o radiaci\u00f3n. <strong>El circ\u00f3n tiene uno de los \u00edndices de refracci\u00f3n m\u00e1s altos de la naturaleza<\/strong> (1.92-2.01) superando a tres de las cuatro grandes piedras preciosas; rub\u00ed, zafiro y esmeralda. El cuidado y limpieza del zirc\u00f3n es simple, lo mejor es limpiar la gema con un pa\u00f1o suave o un cepillo de cerdas blandas y un jab\u00f3n neutro. Enjuague el zirc\u00f3n con agua tibia o a temperatura ambiente para eliminar los residuos de jab\u00f3n.<\/span><\/p>\n<p style=\"font-weight: 400;\"><span data-removefontsize=\"true\" data-originalcomputedfontsize=\"16\">En definitiva, el Circ\u00f3n es una piedra preciosa natural con caracter\u00edsticas incre\u00edbles, una gema notable con colores maravillosos y brillantes destellos de luz, un tesoro maravilloso para los usuarios de joyas y coleccionistas de gemas. Adem\u00e1s, es considerada una de las gemas natalicias del mes de diciembre por lo que es un gran regalo para cualquier persona nacida el \u00faltimo mes del a\u00f1o o para aquellos que aprecian el deslumbrante fuego de sus cristales.<\/span><\/p>\n<p><strong>El circon es la gema de diciembre<\/strong> junto a la tanzanita.<\/p>\n<p>&nbsp;<\/p>\n<p><span style=\"color: #bf0a0a;\">Si no est\u00e1s totalmente satisfecho, puedes <span class=\"s1\"><b>devolver la gema<\/b><\/span>.<\/span><\/p>\n","protected":false},"featured_media":2504,"template":"","meta":{"_et_pb_use_builder":"on","_et_pb_old_content":"","_et_gb_content_width":""},"product_brand":[],"product_cat":[80,40],"product_tag":[],"class_list":{"0":"post-1964","1":"product","2":"type-product","3":"status-publish","4":"has-post-thumbnail","6":"product_cat-circones","7":"product_cat-gemstones","9":"first","10":"instock","11":"sold-individually","12":"shipping-taxable","13":"purchasable","14":"product-type-simple"},"exclude_global_add_ons":[],"addons":[],"_links":{"self":[{"href":"https:\/\/amadofolch.com\/es\/wp-json\/wp\/v2\/product\/1964","targetHints":{"allow":["GET"]}}],"collection":[{"href":"https:\/\/amadofolch.com\/es\/wp-json\/wp\/v2\/product"}],"about":[{"href":"https:\/\/amadofolch.com\/es\/wp-json\/wp\/v2\/types\/product"}],"wp:featuredmedia":[{"embeddable":true,"href":"https:\/\/amadofolch.com\/es\/wp-json\/wp\/v2\/media\/2504"}],"wp:attachment":[{"href":"https:\/\/amadofolch.com\/es\/wp-json\/wp\/v2\/media?parent=1964"}],"wp:term":[{"taxonomy":"product_brand","embeddable":true,"href":"https:\/\/amadofolch.com\/es\/wp-json\/wp\/v2\/product_brand?post=1964"},{"taxonomy":"product_cat","embeddable":true,"href":"https:\/\/amadofolch.com\/es\/wp-json\/wp\/v2\/product_cat?post=1964"},{"taxonomy":"product_tag","embeddable":true,"href":"https:\/\/amadofolch.com\/es\/wp-json\/wp\/v2\/product_tag?post=1964"}],"curies":[{"name":"wp","href":"https:\/\/api.w.org\/{rel}","templated":true}]}}