{"id":2324,"date":"2023-06-28T20:15:35","date_gmt":"2023-06-28T20:15:35","guid":{"rendered":"https:\/\/amadofolch.com\/?post_type=product&#038;p=2324"},"modified":"2025-01-20T13:03:18","modified_gmt":"2025-01-20T13:03:18","slug":"topacio-azul-3-60-cts","status":"publish","type":"product","link":"https:\/\/amadofolch.com\/es\/product\/topacio-azul-3-60-cts\/","title":{"rendered":"Topacio azul 3.60 Cts."},"content":{"rendered":"<p>[et_pb_section fb_built=\u00bb1&#8243; _builder_version=\u00bb4.16&#8243; custom_padding=\u00bb0px||||false|false\u00bb global_colors_info=\u00bb{}\u00bb][et_pb_row _builder_version=\u00bb4.16&#8243; background_size=\u00bbinitial\u00bb background_position=\u00bbtop_left\u00bb background_repeat=\u00bbrepeat\u00bb width=\u00bb100%\u00bb custom_padding=\u00bb0px||0px||false|false\u00bb global_colors_info=\u00bb{}\u00bb][et_pb_column type=\u00bb4_4&#8243; _builder_version=\u00bb4.16&#8243; custom_padding=\u00bb|||\u00bb global_colors_info=\u00bb{}\u00bb custom_padding__hover=\u00bb|||\u00bb][et_pb_wc_breadcrumb _builder_version=\u00bb4.16&#8243; global_colors_info=\u00bb{}\u00bb][\/et_pb_wc_breadcrumb][et_pb_wc_cart_notice _builder_version=\u00bb4.16&#8243; global_colors_info=\u00bb{}\u00bb][\/et_pb_wc_cart_notice][\/et_pb_column][\/et_pb_row][et_pb_row column_structure=\u00bb1_2,1_2&#8243; _builder_version=\u00bb4.16&#8243; background_size=\u00bbinitial\u00bb background_position=\u00bbtop_left\u00bb background_repeat=\u00bbrepeat\u00bb width=\u00bb100%\u00bb custom_padding=\u00bb0px||||false|false\u00bb global_colors_info=\u00bb{}\u00bb][et_pb_column type=\u00bb1_2&#8243; _builder_version=\u00bb4.16&#8243; custom_padding=\u00bb|||\u00bb global_colors_info=\u00bb{}\u00bb custom_padding__hover=\u00bb|||\u00bb][et_pb_wc_images _builder_version=\u00bb4.16&#8243; global_colors_info=\u00bb{}\u00bb][\/et_pb_wc_images][\/et_pb_column][et_pb_column type=\u00bb1_2&#8243; _builder_version=\u00bb4.16&#8243; custom_padding=\u00bb|||\u00bb global_colors_info=\u00bb{}\u00bb custom_padding__hover=\u00bb|||\u00bb][et_pb_wc_title _builder_version=\u00bb4.16&#8243; global_colors_info=\u00bb{}\u00bb][\/et_pb_wc_title][et_pb_wc_rating _builder_version=\u00bb4.16&#8243; global_colors_info=\u00bb{}\u00bb][\/et_pb_wc_rating][et_pb_wc_price _builder_version=\u00bb4.16&#8243; global_colors_info=\u00bb{}\u00bb][\/et_pb_wc_price][et_pb_wc_description _builder_version=\u00bb4.21.0&#8243; text_orientation=\u00bbjustified\u00bb global_colors_info=\u00bb{}\u00bb][\/et_pb_wc_description][et_pb_wc_add_to_cart show_quantity=\u00bboff\u00bb show_stock=\u00bboff\u00bb _builder_version=\u00bb4.21.0&#8243; global_colors_info=\u00bb{}\u00bb][\/et_pb_wc_add_to_cart][et_pb_wc_meta _builder_version=\u00bb4.16&#8243; global_colors_info=\u00bb{}\u00bb][\/et_pb_wc_meta][\/et_pb_column][\/et_pb_row][et_pb_row _builder_version=\u00bb4.24.2&#8243; _module_preset=\u00bbdefault\u00bb global_colors_info=\u00bb{}\u00bb][et_pb_column type=\u00bb4_4&#8243; _builder_version=\u00bb4.24.2&#8243; _module_preset=\u00bbdefault\u00bb global_colors_info=\u00bb{}\u00bb][et_pb_video src=\u00bbhttps:\/\/amadofolch.com\/wp-content\/uploads\/2023\/06\/IMG_0815.mp4&#8243; _builder_version=\u00bb4.24.2&#8243; _module_preset=\u00bbdefault\u00bb width=\u00bb50%\u00bb module_alignment=\u00bbcenter\u00bb hover_enabled=\u00bb0&#8243; global_colors_info=\u00bb{}\u00bb title_text=\u00bbIMG_0815&#8243; sticky_enabled=\u00bb0&#8243;][\/et_pb_video][\/et_pb_column][\/et_pb_row][\/et_pb_section]<\/p>\n","protected":false},"excerpt":{"rendered":"<div class=\"woocommerce-product-details__short-description\">\n<p><strong>Gema:<\/strong> Topacio<\/p>\n<p><strong>Peso<\/strong>: 3.60 Cts.<\/p>\n<p><strong>Tama\u00f1o:<\/strong>\u00a0 9.7 x 8.0 x 6.0 mm.<\/p>\n<p><strong>Notas: <\/strong>De un precioso cristal en bruto he tallado este precioso Topacio azul procedente de Brasil. Este Topacio natural, tiene un color excepcional, azul AA+ y es totalmente puro. La talla se llama \u201cEciegoing\u201d y es un dise\u00f1o precioso que destaca el color y le da un brillo muy bueno. La gema al natural es realmente espectacular, es uno de los topacios mas bonitos que he tallado. Color azul cielo intenso.<\/p>\n<p><strong>Pureza<\/strong>: IF Gema totalmente l\u00edmpia<\/p>\n<p><strong>Origen:<\/strong> Brasil<\/p>\n<p>&nbsp;<\/p>\n<\/div>\n<p>&nbsp;<\/p>\n<p style=\"font-weight: 400;\"><strong>Topacio, gema Imperial<\/strong><\/p>\n<p style=\"font-weight: 400;\">El topacio tiene una gama de colores excepcionalmente amplia que, adem\u00e1s del marr\u00f3n, incluye varios tonos y saturaciones de azul, verde, amarillo, naranja, rojo, rosa y morado. El topacio tambi\u00e9n es pleocroico, lo que significa que la gema puede mostrar diferentes colores en diferentes direcciones del cristal. El topacio incoloro tratado para conseguir el tono azul es una gema muy habitual. Las gemas finas de color rosa a rojo, p\u00farpura o naranja son piezas \u00fanicas. Los principales yacimientos incluyen Ouro Pr\u00eato, Brasil y los Montes Urales de Rusia. Parece que el nombre topacio proviene de Topazios, el antiguo nombre griego de una peque\u00f1a isla en el Mar Rojo, ahora llamada Zabargad. (La isla nunca produjo topacio, pero una vez fue una fuente de peridoto, que se confundi\u00f3 con topacio antes del desarrollo de la mineralog\u00eda moderna). Los antiguos griegos cre\u00edan que el topacio les daba fuerza. En Europa, durante el Renacimiento (el per\u00edodo comprendido entre los a\u00f1os 1300 y 1600), la gente pensaba que el topacio pod\u00eda romper hechizos m\u00e1gicos y disipar la ira. Durante siglos, muchas personas en la India han cre\u00eddo que el topacio que se usa sobre el coraz\u00f3n asegura una larga vida, belleza e inteligencia. No utilice sistemas ultras\u00f3nicos o de vapor para limpiarlos. Tanto las vibraciones como el calor podr\u00edan hacer que estas gemas se rompan. En su lugar, use un cepillo suave, un detergente suave y agua tibia.<\/p>\n<p style=\"font-weight: 400;\">El topacio es una de las piedras natales de noviembre. El otro es cuarzo citrino.<\/p>\n","protected":false},"featured_media":2423,"template":"","meta":{"_et_pb_use_builder":"on","_et_pb_old_content":"","_et_gb_content_width":""},"product_brand":[],"product_cat":[40],"product_tag":[],"class_list":{"0":"post-2324","1":"product","2":"type-product","3":"status-publish","4":"has-post-thumbnail","6":"product_cat-gemstones","8":"first","9":"outofstock","10":"sold-individually","11":"shipping-taxable","12":"purchasable","13":"product-type-simple"},"exclude_global_add_ons":[],"addons":[],"_links":{"self":[{"href":"https:\/\/amadofolch.com\/es\/wp-json\/wp\/v2\/product\/2324","targetHints":{"allow":["GET"]}}],"collection":[{"href":"https:\/\/amadofolch.com\/es\/wp-json\/wp\/v2\/product"}],"about":[{"href":"https:\/\/amadofolch.com\/es\/wp-json\/wp\/v2\/types\/product"}],"wp:featuredmedia":[{"embeddable":true,"href":"https:\/\/amadofolch.com\/es\/wp-json\/wp\/v2\/media\/2423"}],"wp:attachment":[{"href":"https:\/\/amadofolch.com\/es\/wp-json\/wp\/v2\/media?parent=2324"}],"wp:term":[{"taxonomy":"product_brand","embeddable":true,"href":"https:\/\/amadofolch.com\/es\/wp-json\/wp\/v2\/product_brand?post=2324"},{"taxonomy":"product_cat","embeddable":true,"href":"https:\/\/amadofolch.com\/es\/wp-json\/wp\/v2\/product_cat?post=2324"},{"taxonomy":"product_tag","embeddable":true,"href":"https:\/\/amadofolch.com\/es\/wp-json\/wp\/v2\/product_tag?post=2324"}],"curies":[{"name":"wp","href":"https:\/\/api.w.org\/{rel}","templated":true}]}}