{"id":2562,"date":"2023-08-22T08:30:49","date_gmt":"2023-08-22T08:30:49","guid":{"rendered":"https:\/\/amadofolch.com\/?post_type=product&#038;p=2562"},"modified":"2026-03-09T19:27:56","modified_gmt":"2026-03-09T19:27:56","slug":"iolita-0-90-cts","status":"publish","type":"product","link":"https:\/\/amadofolch.com\/es\/product\/iolita-0-90-cts\/","title":{"rendered":"Iolita 0.90 Ct"},"content":{"rendered":"<p>[et_pb_section fb_built=\u00bb1&#8243; _builder_version=\u00bb4.27.6&#8243; custom_padding=\u00bb0px||50px||false|false\u00bb hover_enabled=\u00bb0&#8243; global_colors_info=\u00bb{}\u00bb custom_margin=\u00bb||40px||false|false\u00bb sticky_enabled=\u00bb0&#8243;][et_pb_row _builder_version=\u00bb4.16&#8243; background_size=\u00bbinitial\u00bb background_position=\u00bbtop_left\u00bb background_repeat=\u00bbrepeat\u00bb width=\u00bb100%\u00bb custom_padding=\u00bb0px||0px||false|false\u00bb global_colors_info=\u00bb{}\u00bb][et_pb_column type=\u00bb4_4&#8243; _builder_version=\u00bb4.16&#8243; custom_padding=\u00bb|||\u00bb global_colors_info=\u00bb{}\u00bb custom_padding__hover=\u00bb|||\u00bb][et_pb_wc_breadcrumb _builder_version=\u00bb4.16&#8243; global_colors_info=\u00bb{}\u00bb][\/et_pb_wc_breadcrumb][et_pb_wc_cart_notice _builder_version=\u00bb4.16&#8243; global_colors_info=\u00bb{}\u00bb][\/et_pb_wc_cart_notice][\/et_pb_column][\/et_pb_row][et_pb_row column_structure=\u00bb1_2,1_2&#8243; _builder_version=\u00bb4.16&#8243; background_size=\u00bbinitial\u00bb background_position=\u00bbtop_left\u00bb background_repeat=\u00bbrepeat\u00bb width=\u00bb100%\u00bb custom_padding=\u00bb0px||||false|false\u00bb global_colors_info=\u00bb{}\u00bb][et_pb_column type=\u00bb1_2&#8243; _builder_version=\u00bb4.16&#8243; custom_padding=\u00bb|||\u00bb global_colors_info=\u00bb{}\u00bb custom_padding__hover=\u00bb|||\u00bb][et_pb_wc_images _builder_version=\u00bb4.16&#8243; global_colors_info=\u00bb{}\u00bb][\/et_pb_wc_images][et_pb_video src=\u00bbhttps:\/\/amadofolch.com\/wp-content\/uploads\/2023\/08\/IMG_0777-1.mov\u00bb _builder_version=\u00bb4.27.6&#8243; _module_preset=\u00bbdefault\u00bb width=\u00bb75%\u00bb module_alignment=\u00bbcenter\u00bb hover_enabled=\u00bb0&#8243; global_colors_info=\u00bb{}\u00bb locked=\u00bboff\u00bb title_text=\u00bbIMG_0777&#8243; sticky_enabled=\u00bb0&#8243;][\/et_pb_video][\/et_pb_column][et_pb_column type=\u00bb1_2&#8243; _builder_version=\u00bb4.16&#8243; custom_padding=\u00bb|||\u00bb global_colors_info=\u00bb{}\u00bb custom_padding__hover=\u00bb|||\u00bb][et_pb_wc_title _builder_version=\u00bb4.16&#8243; global_colors_info=\u00bb{}\u00bb][\/et_pb_wc_title][et_pb_wc_rating _builder_version=\u00bb4.16&#8243; global_colors_info=\u00bb{}\u00bb][\/et_pb_wc_rating][et_pb_wc_price _builder_version=\u00bb4.16&#8243; global_colors_info=\u00bb{}\u00bb][\/et_pb_wc_price][et_pb_wc_description _builder_version=\u00bb4.21.0&#8243; text_orientation=\u00bbjustified\u00bb global_colors_info=\u00bb{}\u00bb][\/et_pb_wc_description][et_pb_wc_add_to_cart show_quantity=\u00bboff\u00bb show_stock=\u00bboff\u00bb _builder_version=\u00bb4.21.0&#8243; global_colors_info=\u00bb{}\u00bb][\/et_pb_wc_add_to_cart][et_pb_wc_meta _builder_version=\u00bb4.16&#8243; global_colors_info=\u00bb{}\u00bb][\/et_pb_wc_meta][\/et_pb_column][\/et_pb_row][\/et_pb_section]<\/p>\n","protected":false},"excerpt":{"rendered":"<div class=\"woocommerce-product-details__short-description\">\n<p style=\"text-align: left;\"><strong>Gema:<\/strong> <em>Iolita<\/em><\/p>\n<p><strong>Peso<\/strong>: <em>0.90 Ct<\/em><\/p>\n<p><strong>Tama\u00f1o:<\/strong>\u00a0 <em>8.1 x 6 x 4 mm<\/em><\/p>\n<p><strong>Origen:<\/strong> <em>Tanzania<\/em><\/p>\n<p><strong>Tratamiento:<\/strong> <em>Sin tratamiento<\/em><\/p>\n<p><strong>Pureza<\/strong>: <em>VS2 peque\u00f1as inclusiones en la punta del cristal, invisibles a simple vista.<\/em><\/p>\n<p><strong>Notas: <\/strong><em>Del precioso cristal natural en bruto que veis en la foto he tallado esta preciosa Iolita procedente de Tanzania, de donde provienen los cristales de mas calidad de esta preciosa gema. Las iolitas son tricroicas, es decir, presentan tres colores dependiendo de la orientaci\u00f3n, en este caso la mejor orientacion daba un color lavanda claro pero una vez tallada la gema ha adquirido un tono azul precioso. La talla es un dise\u00f1o \u00fanico de Andrew Ian Brown . La gema es excepcional, al natural su color es espectacular, la gema es casi pura, solo presenta unas peque\u00f1as inclusiones en la punta de la perilla, sin duda sera el centro de una gran pieza de joyer\u00eda o una gran pieza de coleccionista.<\/em><\/p>\n<p><span class=\"s1\"><b>Incluye certificado gemol\u00f3gico:<\/b><\/span> <i>con foto del cristal en bruto y diagrama de talla.<\/i><\/p>\n<p><img loading=\"lazy\" decoding=\"async\" class=\"alignnone wp-image-4261\" src=\"https:\/\/amadofolch.com\/wp-content\/uploads\/2026\/01\/certificatweb.jpg\" alt=\"\" width=\"400\" height=\"131\" \/><\/p>\n<\/div>\n<p>&nbsp;<\/p>\n<p style=\"font-weight: 400;\"><strong>La Iolita, gema tricolor<\/strong><\/p>\n<p style=\"font-weight: 400;\">Seg\u00fan las leyendas, los antiguos navegantes vikingos utilizaban finos cristales de iolita como filtros para ayudar a localizar el sol en los d\u00edas nublados, independientemente de que las leyendas sean ciertas o no, la iolita (los mineralogistas la llaman cordierita) presenta bellos cristales de los que se tallan gemas realmente preciosas.<\/p>\n<p style=\"font-weight: 400;\">La iolita <strong>fuertemente pleocroica<\/strong> ha sido llamada incorrectamente \u00abzafiro de agua\u00bb, ya que puede mostrar un tono de azul a violeta en una direcci\u00f3n y de amarillo p\u00e1lido a incoloro en otra. El nombre de Iolita proviene de la palabra griega ios, que significa violeta. Por lo general, la iolita no se trata para mejorar su color. El fuerte pleocro\u00edsmo de la iolita hace que la gema sea dif\u00edcil de tallar para obtener el mejor color; cuando giras la iolita, ver\u00e1s <strong>tres colores distintos en tres direcciones del cristal.<\/strong> Esto, a su vez, sigue planteando desaf\u00edos a los productores y compradores interesados en promover la atractiva pero problem\u00e1tica gema entre los minoristas como una alternativa asequible a las gemas azules.<\/p>\n<p style=\"font-weight: 400;\">La iolita se sit\u00faa entre 7 y 7,5 en la escala de dureza de Mohs. La iolita todav\u00eda tiene que conquistar a los minoristas como lo hizo la tanzanita en las d\u00e9cadas de 1970 y 1980. \u00bfPor qu\u00e9?\u00a0Los expertos creen que los dise\u00f1adores y minoristas de joyer\u00eda a\u00fan no han visto un suministro lo suficientemente consistente de iolita en calidad fina y uniforme como para sentirse seguros al pedir una selecci\u00f3n amplia de material para sus talleres y tiendas. Sin embargo <strong>la belleza de las mejores iolitas es realmente deslumbrante.<\/strong><\/p>\n<p>&nbsp;<\/p>\n<p><span style=\"color: #bf0a0a;\">Si no est\u00e1s totalmente satisfecho, puedes <span class=\"s1\"><b>devolver la gema<\/b><\/span>.<\/span><\/p>\n","protected":false},"featured_media":2564,"template":"","meta":{"_et_pb_use_builder":"on","_et_pb_old_content":"","_et_gb_content_width":""},"product_brand":[],"product_cat":[40,70],"product_tag":[],"class_list":{"0":"post-2562","1":"product","2":"type-product","3":"status-publish","4":"has-post-thumbnail","6":"product_cat-gemstones","7":"product_cat-iolitas","9":"first","10":"instock","11":"sold-individually","12":"shipping-taxable","13":"purchasable","14":"product-type-simple"},"exclude_global_add_ons":[],"addons":[],"_links":{"self":[{"href":"https:\/\/amadofolch.com\/es\/wp-json\/wp\/v2\/product\/2562","targetHints":{"allow":["GET"]}}],"collection":[{"href":"https:\/\/amadofolch.com\/es\/wp-json\/wp\/v2\/product"}],"about":[{"href":"https:\/\/amadofolch.com\/es\/wp-json\/wp\/v2\/types\/product"}],"wp:featuredmedia":[{"embeddable":true,"href":"https:\/\/amadofolch.com\/es\/wp-json\/wp\/v2\/media\/2564"}],"wp:attachment":[{"href":"https:\/\/amadofolch.com\/es\/wp-json\/wp\/v2\/media?parent=2562"}],"wp:term":[{"taxonomy":"product_brand","embeddable":true,"href":"https:\/\/amadofolch.com\/es\/wp-json\/wp\/v2\/product_brand?post=2562"},{"taxonomy":"product_cat","embeddable":true,"href":"https:\/\/amadofolch.com\/es\/wp-json\/wp\/v2\/product_cat?post=2562"},{"taxonomy":"product_tag","embeddable":true,"href":"https:\/\/amadofolch.com\/es\/wp-json\/wp\/v2\/product_tag?post=2562"}],"curies":[{"name":"wp","href":"https:\/\/api.w.org\/{rel}","templated":true}]}}