{"id":2578,"date":"2023-09-13T06:48:49","date_gmt":"2023-09-13T06:48:49","guid":{"rendered":"https:\/\/amadofolch.com\/?post_type=product&#038;p=2578"},"modified":"2026-02-27T10:12:08","modified_gmt":"2026-02-27T10:12:08","slug":"granate-malaya-1-35-cts","status":"publish","type":"product","link":"https:\/\/amadofolch.com\/es\/product\/granate-malaya-1-35-cts\/","title":{"rendered":"Granate Malaya 1.35 Ct"},"content":{"rendered":"<p>[et_pb_section fb_built=\u00bb1&#8243; _builder_version=\u00bb4.16&#8243; custom_padding=\u00bb0px||||false|false\u00bb global_colors_info=\u00bb{}\u00bb][et_pb_row _builder_version=\u00bb4.16&#8243; background_size=\u00bbinitial\u00bb background_position=\u00bbtop_left\u00bb background_repeat=\u00bbrepeat\u00bb width=\u00bb100%\u00bb custom_padding=\u00bb0px||0px||false|false\u00bb global_colors_info=\u00bb{}\u00bb][et_pb_column type=\u00bb4_4&#8243; _builder_version=\u00bb4.16&#8243; custom_padding=\u00bb|||\u00bb global_colors_info=\u00bb{}\u00bb custom_padding__hover=\u00bb|||\u00bb][et_pb_wc_breadcrumb _builder_version=\u00bb4.16&#8243; global_colors_info=\u00bb{}\u00bb][\/et_pb_wc_breadcrumb][et_pb_wc_cart_notice _builder_version=\u00bb4.16&#8243; global_colors_info=\u00bb{}\u00bb][\/et_pb_wc_cart_notice][\/et_pb_column][\/et_pb_row][et_pb_row column_structure=\u00bb1_2,1_2&#8243; _builder_version=\u00bb4.16&#8243; background_size=\u00bbinitial\u00bb background_position=\u00bbtop_left\u00bb background_repeat=\u00bbrepeat\u00bb width=\u00bb100%\u00bb custom_padding=\u00bb0px||||false|false\u00bb global_colors_info=\u00bb{}\u00bb][et_pb_column type=\u00bb1_2&#8243; _builder_version=\u00bb4.16&#8243; custom_padding=\u00bb|||\u00bb global_colors_info=\u00bb{}\u00bb custom_padding__hover=\u00bb|||\u00bb][et_pb_wc_images _builder_version=\u00bb4.16&#8243; global_colors_info=\u00bb{}\u00bb][\/et_pb_wc_images][\/et_pb_column][et_pb_column type=\u00bb1_2&#8243; _builder_version=\u00bb4.16&#8243; custom_padding=\u00bb|||\u00bb global_colors_info=\u00bb{}\u00bb custom_padding__hover=\u00bb|||\u00bb][et_pb_wc_title _builder_version=\u00bb4.16&#8243; global_colors_info=\u00bb{}\u00bb][\/et_pb_wc_title][et_pb_wc_rating _builder_version=\u00bb4.16&#8243; global_colors_info=\u00bb{}\u00bb][\/et_pb_wc_rating][et_pb_wc_price _builder_version=\u00bb4.16&#8243; global_colors_info=\u00bb{}\u00bb][\/et_pb_wc_price][et_pb_wc_description _builder_version=\u00bb4.21.0&#8243; text_orientation=\u00bbjustified\u00bb global_colors_info=\u00bb{}\u00bb][\/et_pb_wc_description][et_pb_wc_add_to_cart show_quantity=\u00bboff\u00bb show_stock=\u00bboff\u00bb _builder_version=\u00bb4.21.0&#8243; global_colors_info=\u00bb{}\u00bb][\/et_pb_wc_add_to_cart][et_pb_wc_meta _builder_version=\u00bb4.16&#8243; global_colors_info=\u00bb{}\u00bb][\/et_pb_wc_meta][\/et_pb_column][\/et_pb_row][\/et_pb_section]<\/p>\n","protected":false},"excerpt":{"rendered":"<div class=\"woocommerce-product-details__short-description\">\n<p><strong>Gema:<\/strong> Granate<\/p>\n<p><strong>Peso<\/strong>: 1.35 Ct<\/p>\n<p><strong>Tama\u00f1o:<\/strong>\u00a0 8.2 x 6.2 x 3.9 mm<\/p>\n<p><strong>Notas:\u00a0<\/strong>Granate lindi Malaya, color rosa suave y juego de colores precioso, peque\u00f1os velos y inclusiones, pero el aspecto general de la gema es muy bueno, lo ofertamos a un precio reducido, por que no es una gema totalmente l\u00edmpia.<\/p>\n<p><strong>Pureza<\/strong>: Inclusiones S1<\/p>\n<p><strong>Or\u00edgen:<\/strong> Tanzania<\/p>\n<p style=\"font-weight: 400;\"><strong>El granate natural, una familia de gemas<\/strong><\/p>\n<p style=\"font-weight: 400;\"><span data-removefontsize=\"true\" data-originalcomputedfontsize=\"16\">Los granates son una gran familia de piedras preciosas, los podemos encontrar en pr\u00e1cticamente todos los tama\u00f1os, formas y colores excepto el azul, han sido usados desde la edad de bronce como piedras preciosas. En Egipto adornaban los anillos de los faraones, en una tumba de m\u00e1s de 5.000 a\u00f1os se encontr\u00f3 un collar de granates pulidos.<\/span> <span data-removefontsize=\"true\" data-originalcomputedfontsize=\"16\">Siglos m\u00e1s tarde, en Roma los granates rojos se encontraban entre las gemas m\u00e1s comercializadas y ya en la Edad Media, el clero y la nobleza prefer\u00edan el granate rojo a las otras gemas. <\/span><span data-removefontsize=\"true\" data-originalcomputedfontsize=\"16\">Los demantoides y las tsavolitas, los dos de color verde, son algunas de sus variedades de mayor valor, tambi\u00e9n lo son los bonitos colores rosados y rojos claros. Con el reciente descubrimiento en Tanzania en el valle de Umba de un yacimiento de gemas de incre\u00edble color magenta y violeta (Umbalitas) se crea una nueva categor\u00eda de granates que desean las joyer\u00edas mas exclusivas y que se ofrecen a precios cada vez mayores. Los granates puros son incoloros pero muy raros, los colores aparecen por trazas de diferentes elementos en su estructura cristalina.<\/span><\/p>\n<p style=\"font-weight: 400;\"><span data-removefontsize=\"true\" data-originalcomputedfontsize=\"16\">El granate es la gema de enero.<\/span><\/p>\n<\/div>\n","protected":false},"featured_media":2594,"template":"","meta":{"_et_pb_use_builder":"on","_et_pb_old_content":"","_et_gb_content_width":""},"product_brand":[],"product_cat":[40],"product_tag":[],"class_list":{"0":"post-2578","1":"product","2":"type-product","3":"status-publish","4":"has-post-thumbnail","6":"product_cat-gemstones","8":"first","9":"outofstock","10":"sold-individually","11":"shipping-taxable","12":"purchasable","13":"product-type-simple"},"exclude_global_add_ons":[],"addons":[],"_links":{"self":[{"href":"https:\/\/amadofolch.com\/es\/wp-json\/wp\/v2\/product\/2578","targetHints":{"allow":["GET"]}}],"collection":[{"href":"https:\/\/amadofolch.com\/es\/wp-json\/wp\/v2\/product"}],"about":[{"href":"https:\/\/amadofolch.com\/es\/wp-json\/wp\/v2\/types\/product"}],"wp:featuredmedia":[{"embeddable":true,"href":"https:\/\/amadofolch.com\/es\/wp-json\/wp\/v2\/media\/2594"}],"wp:attachment":[{"href":"https:\/\/amadofolch.com\/es\/wp-json\/wp\/v2\/media?parent=2578"}],"wp:term":[{"taxonomy":"product_brand","embeddable":true,"href":"https:\/\/amadofolch.com\/es\/wp-json\/wp\/v2\/product_brand?post=2578"},{"taxonomy":"product_cat","embeddable":true,"href":"https:\/\/amadofolch.com\/es\/wp-json\/wp\/v2\/product_cat?post=2578"},{"taxonomy":"product_tag","embeddable":true,"href":"https:\/\/amadofolch.com\/es\/wp-json\/wp\/v2\/product_tag?post=2578"}],"curies":[{"name":"wp","href":"https:\/\/api.w.org\/{rel}","templated":true}]}}