{"id":2684,"date":"2023-11-21T11:55:58","date_gmt":"2023-11-21T11:55:58","guid":{"rendered":"https:\/\/amadofolch.com\/?post_type=product&#038;p=2684"},"modified":"2026-03-11T18:49:32","modified_gmt":"2026-03-11T18:49:32","slug":"tanzanita-bicolor-0-80-ct","status":"publish","type":"product","link":"https:\/\/amadofolch.com\/es\/product\/tanzanita-bicolor-0-80-ct\/","title":{"rendered":"Tanzanita bicolor 0.60 Ct"},"content":{"rendered":"<p>[et_pb_section fb_built=\u00bb1&#8243; _builder_version=\u00bb4.27.6&#8243; custom_margin=\u00bb||40px||false|false\u00bb custom_padding=\u00bb0px||50px||false|false\u00bb global_colors_info=\u00bb{}\u00bb][et_pb_row _builder_version=\u00bb4.16&#8243; background_size=\u00bbinitial\u00bb background_position=\u00bbtop_left\u00bb background_repeat=\u00bbrepeat\u00bb width=\u00bb100%\u00bb custom_padding=\u00bb0px||0px||false|false\u00bb global_colors_info=\u00bb{}\u00bb][et_pb_column type=\u00bb4_4&#8243; _builder_version=\u00bb4.16&#8243; custom_padding=\u00bb|||\u00bb global_colors_info=\u00bb{}\u00bb custom_padding__hover=\u00bb|||\u00bb][et_pb_wc_breadcrumb _builder_version=\u00bb4.16&#8243; global_colors_info=\u00bb{}\u00bb][\/et_pb_wc_breadcrumb][et_pb_wc_cart_notice _builder_version=\u00bb4.16&#8243; global_colors_info=\u00bb{}\u00bb][\/et_pb_wc_cart_notice][\/et_pb_column][\/et_pb_row][et_pb_row column_structure=\u00bb1_2,1_2&#8243; _builder_version=\u00bb4.16&#8243; background_size=\u00bbinitial\u00bb background_position=\u00bbtop_left\u00bb background_repeat=\u00bbrepeat\u00bb width=\u00bb100%\u00bb custom_padding=\u00bb0px||||false|false\u00bb global_colors_info=\u00bb{}\u00bb][et_pb_column type=\u00bb1_2&#8243; _builder_version=\u00bb4.16&#8243; custom_padding=\u00bb|||\u00bb global_colors_info=\u00bb{}\u00bb custom_padding__hover=\u00bb|||\u00bb][et_pb_wc_images _builder_version=\u00bb4.16&#8243; global_colors_info=\u00bb{}\u00bb][\/et_pb_wc_images][et_pb_video src=\u00bbhttps:\/\/amadofolch.com\/wp-content\/uploads\/2023\/11\/IMG_0779-1.mov\u00bb _builder_version=\u00bb4.27.6&#8243; _module_preset=\u00bbdefault\u00bb width=\u00bb75%\u00bb module_alignment=\u00bbcenter\u00bb locked=\u00bboff\u00bb global_colors_info=\u00bb{}\u00bb][\/et_pb_video][et_pb_text _builder_version=\u00bb4.27.6&#8243; _module_preset=\u00bbdefault\u00bb text_font=\u00bbAbel||||||||\u00bb text_font_size=\u00bb17px\u00bb text_orientation=\u00bbcenter\u00bb locked=\u00bboff\u00bb global_colors_info=\u00bb{}\u00bb]<\/p>\n<p>Luz natural<\/p>\n<p>[\/et_pb_text][\/et_pb_column][et_pb_column type=\u00bb1_2&#8243; _builder_version=\u00bb4.16&#8243; custom_padding=\u00bb|||\u00bb global_colors_info=\u00bb{}\u00bb custom_padding__hover=\u00bb|||\u00bb][et_pb_wc_title _builder_version=\u00bb4.16&#8243; global_colors_info=\u00bb{}\u00bb][\/et_pb_wc_title][et_pb_wc_rating _builder_version=\u00bb4.16&#8243; global_colors_info=\u00bb{}\u00bb][\/et_pb_wc_rating][et_pb_wc_price _builder_version=\u00bb4.16&#8243; global_colors_info=\u00bb{}\u00bb][\/et_pb_wc_price][et_pb_wc_description _builder_version=\u00bb4.21.0&#8243; text_orientation=\u00bbjustified\u00bb global_colors_info=\u00bb{}\u00bb][\/et_pb_wc_description][et_pb_wc_add_to_cart show_quantity=\u00bboff\u00bb show_stock=\u00bboff\u00bb _builder_version=\u00bb4.21.0&#8243; global_colors_info=\u00bb{}\u00bb][\/et_pb_wc_add_to_cart][et_pb_wc_meta _builder_version=\u00bb4.16&#8243; global_colors_info=\u00bb{}\u00bb][\/et_pb_wc_meta][\/et_pb_column][\/et_pb_row][\/et_pb_section]<\/p>\n","protected":false},"excerpt":{"rendered":"<div class=\"woocommerce-product-details__short-description\">\n<p><strong>Gema:<\/strong> <em>Tanzanita<\/em><\/p>\n<p><strong>Peso<\/strong>: <em>0.60 Cts<\/em><\/p>\n<p><strong>Tama\u00f1o:<\/strong>\u00a0 <em>5.0 x 5.0 x 3.2 mm<\/em><\/p>\n<p><strong>Origen:<\/strong> Tanazania<\/p>\n<p><strong>Tratamiento:<\/strong> <em>Sin tratamiento<\/em><\/p>\n<p><strong>Pureza<\/strong>: <em>IF Gema limpia<\/em><\/p>\n<p><strong>Notas: <\/strong><em>De la tanzanita en bruto que veis en la foto he tallado esta gema (talla Ascher modificada) de brillo excelente y que como particularidad presenta doble color, como si se tratase de un ametrino.<\/em><\/p>\n<p><span class=\"s1\"><b>Incluye certificado gemol\u00f3gico:<\/b><\/span> <i>con foto del cristal en bruto y diagrama de talla.<\/i><\/p>\n<p><img loading=\"lazy\" decoding=\"async\" class=\"alignnone wp-image-4261\" src=\"https:\/\/amadofolch.com\/wp-content\/uploads\/2026\/01\/certificatweb.jpg\" alt=\"\" width=\"400\" height=\"131\" \/><\/p>\n<\/div>\n<p>&nbsp;<\/p>\n<p><strong>Tanzanita<\/strong><\/p>\n<p>Entre un azul exuberante, un violeta vibrante y un p\u00farpura intenso, la ex\u00f3tica tanzanita se encuentra <strong>en un solo lugar del mundo, cerca del majestuoso Monte Kilimanjaro<\/strong>.<\/p>\n<p>La tanzanita, es un descubrimiento relativamente reciente. Tiffany nombr\u00f3 a esta variedad azul violeta de zoisita en honor a Tanzania, donde fue desenterrada por primera vez en 1967. Debido a que los cristales muestran diferentes colores seg\u00fan la direcci\u00f3n de observaci\u00f3n, los talladores pueden crear gemas con una gama de colores que van desde el azul violeta hasta el azulado. violeta dependiendo de cu\u00e1nto peso quieran retener del bruto. <strong>Gire la tanzanita y ver\u00e1 tres colores distintos en tres direcciones del cristal.<\/strong><\/p>\n<p>La tanzanita de alta calidad puede ser de color azul violeta, similar al color del zafiro fino, o de un tono \u00fanico, predominantemente violeta, propio. Algunas piedras tambi\u00e9n pueden parecer m\u00e1s viol\u00e1ceas dependiendo de c\u00f3mo el tallador elija orientar la gema. Tanto el color pleocroico violeta como el azul son f\u00e1cilmente visibles en una piedra tallada cuando se inclina suavemente Tiffany reconoci\u00f3 su potencial como y lleg\u00f3 a un acuerdo para convertirse en su principal distribuidor. Tiffany la promocion\u00f3 con una gran campa\u00f1a publicitaria en 1968. Casi de la noche a la ma\u00f1ana, la tanzanita se hizo popular entre los principales dise\u00f1adores de joyer\u00eda y otros profesionales de las gemas, as\u00ed como entre los clientes que buscaban una gema de alt\u00edssima calidad y color excepcional.<\/p>\n<p><strong>La tanzanita es la gema de diciembre<\/strong>, junto con el circ\u00f3n, la turquesa y el topacio azul.<\/p>\n<p>&nbsp;<\/p>\n<p><span style=\"color: #bf0a0a;\">Si no est\u00e1s totalmente satisfecho, puedes <span class=\"s1\"><b>devolver la gema<\/b><\/span>.<\/span><\/p>\n","protected":false},"featured_media":2695,"template":"","meta":{"_et_pb_use_builder":"on","_et_pb_old_content":"","_et_gb_content_width":""},"product_brand":[],"product_cat":[78,40,71],"product_tag":[],"class_list":{"0":"post-2684","1":"product","2":"type-product","3":"status-publish","4":"has-post-thumbnail","6":"product_cat-gemas-de-coleccion","7":"product_cat-gemstones","8":"product_cat-tanzanitas","10":"first","11":"instock","12":"sold-individually","13":"shipping-taxable","14":"purchasable","15":"product-type-simple"},"exclude_global_add_ons":[],"addons":[],"_links":{"self":[{"href":"https:\/\/amadofolch.com\/es\/wp-json\/wp\/v2\/product\/2684","targetHints":{"allow":["GET"]}}],"collection":[{"href":"https:\/\/amadofolch.com\/es\/wp-json\/wp\/v2\/product"}],"about":[{"href":"https:\/\/amadofolch.com\/es\/wp-json\/wp\/v2\/types\/product"}],"wp:featuredmedia":[{"embeddable":true,"href":"https:\/\/amadofolch.com\/es\/wp-json\/wp\/v2\/media\/2695"}],"wp:attachment":[{"href":"https:\/\/amadofolch.com\/es\/wp-json\/wp\/v2\/media?parent=2684"}],"wp:term":[{"taxonomy":"product_brand","embeddable":true,"href":"https:\/\/amadofolch.com\/es\/wp-json\/wp\/v2\/product_brand?post=2684"},{"taxonomy":"product_cat","embeddable":true,"href":"https:\/\/amadofolch.com\/es\/wp-json\/wp\/v2\/product_cat?post=2684"},{"taxonomy":"product_tag","embeddable":true,"href":"https:\/\/amadofolch.com\/es\/wp-json\/wp\/v2\/product_tag?post=2684"}],"curies":[{"name":"wp","href":"https:\/\/api.w.org\/{rel}","templated":true}]}}