{"id":2698,"date":"2023-11-27T10:22:20","date_gmt":"2023-11-27T10:22:20","guid":{"rendered":"https:\/\/amadofolch.com\/?post_type=product&#038;p=2698"},"modified":"2026-03-13T19:04:34","modified_gmt":"2026-03-13T19:04:34","slug":"aguamarina-0-80-ct","status":"publish","type":"product","link":"https:\/\/amadofolch.com\/es\/product\/aguamarina-0-80-ct\/","title":{"rendered":"Aguamarina 0.80 Ct"},"content":{"rendered":"<p>[et_pb_section fb_built=\u00bb1&#8243; _builder_version=\u00bb4.27.6&#8243; custom_margin=\u00bb||40px||false|false\u00bb custom_padding=\u00bb0px||50px||false|false\u00bb global_colors_info=\u00bb{}\u00bb][et_pb_row _builder_version=\u00bb4.16&#8243; background_size=\u00bbinitial\u00bb background_position=\u00bbtop_left\u00bb background_repeat=\u00bbrepeat\u00bb width=\u00bb100%\u00bb custom_padding=\u00bb0px||0px||false|false\u00bb global_colors_info=\u00bb{}\u00bb][et_pb_column type=\u00bb4_4&#8243; _builder_version=\u00bb4.16&#8243; custom_padding=\u00bb|||\u00bb global_colors_info=\u00bb{}\u00bb custom_padding__hover=\u00bb|||\u00bb][et_pb_wc_breadcrumb _builder_version=\u00bb4.16&#8243; global_colors_info=\u00bb{}\u00bb][\/et_pb_wc_breadcrumb][et_pb_wc_cart_notice _builder_version=\u00bb4.16&#8243; global_colors_info=\u00bb{}\u00bb][\/et_pb_wc_cart_notice][\/et_pb_column][\/et_pb_row][et_pb_row column_structure=\u00bb1_2,1_2&#8243; _builder_version=\u00bb4.16&#8243; background_size=\u00bbinitial\u00bb background_position=\u00bbtop_left\u00bb background_repeat=\u00bbrepeat\u00bb width=\u00bb100%\u00bb custom_padding=\u00bb0px||||false|false\u00bb global_colors_info=\u00bb{}\u00bb][et_pb_column type=\u00bb1_2&#8243; _builder_version=\u00bb4.16&#8243; custom_padding=\u00bb|||\u00bb global_colors_info=\u00bb{}\u00bb custom_padding__hover=\u00bb|||\u00bb][et_pb_wc_images _builder_version=\u00bb4.16&#8243; global_colors_info=\u00bb{}\u00bb][\/et_pb_wc_images][et_pb_video src=\u00bbhttps:\/\/amadofolch.com\/wp-content\/uploads\/2023\/11\/IMG_3204-1.mov\u00bb _builder_version=\u00bb4.27.6&#8243; _module_preset=\u00bbdefault\u00bb width=\u00bb75%\u00bb module_alignment=\u00bbcenter\u00bb locked=\u00bboff\u00bb global_colors_info=\u00bb{}\u00bb][\/et_pb_video][et_pb_text _builder_version=\u00bb4.27.6&#8243; _module_preset=\u00bbdefault\u00bb text_font=\u00bbAbel||||||||\u00bb text_font_size=\u00bb16px\u00bb hover_enabled=\u00bb0&#8243; locked=\u00bboff\u00bb global_colors_info=\u00bb{}\u00bb text_orientation=\u00bbcenter\u00bb sticky_enabled=\u00bb0&#8243;]<\/p>\n<p>Luz natural<\/p>\n<p>[\/et_pb_text][\/et_pb_column][et_pb_column type=\u00bb1_2&#8243; _builder_version=\u00bb4.16&#8243; custom_padding=\u00bb|||\u00bb global_colors_info=\u00bb{}\u00bb custom_padding__hover=\u00bb|||\u00bb][et_pb_wc_title _builder_version=\u00bb4.16&#8243; global_colors_info=\u00bb{}\u00bb][\/et_pb_wc_title][et_pb_wc_rating _builder_version=\u00bb4.16&#8243; global_colors_info=\u00bb{}\u00bb][\/et_pb_wc_rating][et_pb_wc_price _builder_version=\u00bb4.16&#8243; global_colors_info=\u00bb{}\u00bb][\/et_pb_wc_price][et_pb_wc_description _builder_version=\u00bb4.21.0&#8243; text_orientation=\u00bbjustified\u00bb global_colors_info=\u00bb{}\u00bb][\/et_pb_wc_description][et_pb_wc_add_to_cart show_quantity=\u00bboff\u00bb show_stock=\u00bboff\u00bb _builder_version=\u00bb4.21.0&#8243; global_colors_info=\u00bb{}\u00bb][\/et_pb_wc_add_to_cart][et_pb_wc_meta _builder_version=\u00bb4.16&#8243; global_colors_info=\u00bb{}\u00bb][\/et_pb_wc_meta][\/et_pb_column][\/et_pb_row][\/et_pb_section]<\/p>\n","protected":false},"excerpt":{"rendered":"<div class=\"woocommerce-product-details__short-description\">\n<p><strong>Gema:<\/strong> <em>Aguamarina<\/em><\/p>\n<p><strong>Peso<\/strong>: <em>0.80 Ct<\/em><\/p>\n<p><strong>Tama\u00f1o:<\/strong>\u00a0 <em>5.2 x 5.2 x 3.4 mm<\/em><\/p>\n<p><strong>Origen:<\/strong> <em>Afganistan<\/em><\/p>\n<p><strong>Tratamiento:<\/strong> <em>Sin tratamiento<\/em><\/p>\n<p><strong>Pureza<\/strong>: <em>VS2 peque\u00f1as inclusiones<\/em><\/p>\n<p><strong>Notas:\u00a0<\/strong><em>Preciosa aguamarina natural, sin tratamiento t\u00e9rmico, del cristal natural que veis en la foto he tallado esta aguamarina de bonito color, peque\u00f1o tama\u00f1o que presenta peque\u00f1as inclusiones. La talla es la Chevron Square de Alexandre Wolkonsky, que es una autentica maravilla y complicada de ejecutar. Muy ligero tono azul.<\/em><\/p>\n<p><span class=\"s1\"><b>Incluye certificado gemol\u00f3gico:<\/b><\/span> <i>con foto del cristal en bruto y diagrama de talla.<\/i><\/p>\n<p><img loading=\"lazy\" decoding=\"async\" class=\"alignnone wp-image-4261\" src=\"https:\/\/amadofolch.com\/wp-content\/uploads\/2026\/01\/certificatweb.jpg\" alt=\"\" width=\"400\" height=\"131\" \/><\/p>\n<\/div>\n<p>&nbsp;<\/p>\n<p><strong>Aguamarina<\/strong><\/p>\n<p>El nombre aguamarina proviene del lat\u00edn y significa agua de mar, se dec\u00eda que calmaba las olas y manten\u00eda seguros a los marineros, tambi\u00e9n se pensaba que realzaba la felicidad de los matrimonios.<\/p>\n<p>Las mejores gemas combinan una <strong>alta transparencia con tonos de azul a azul ligeramente verdoso<\/strong>. Como muchos berilos, la aguamarina forma cristales grandes adecuados para tallar. Al igual que la esmeralda, es una variedad de color del mineral berilo.<\/p>\n<p>Hay excelentes yacimientos en Brasil, <strong>Afganist\u00e1n<\/strong> y tambi\u00e9n se extrae en grandes elevaciones en las monta\u00f1as Karakoram en Pakist\u00e1n. Los mejores ejemplares alcanzan precios muy elevados.<\/p>\n<p><strong>La aguamarina es la gema de marzo.<\/strong><\/p>\n<p>&nbsp;<\/p>\n<p><span style=\"color: #bf0a0a;\">Si no est\u00e1s totalmente satisfecho, puedes <span class=\"s1\"><b>devolver la gema<\/b><\/span>.<\/span><\/p>\n","protected":false},"featured_media":2706,"template":"","meta":{"_et_pb_use_builder":"on","_et_pb_old_content":"","_et_gb_content_width":""},"product_brand":[],"product_cat":[72,40],"product_tag":[],"class_list":{"0":"post-2698","1":"product","2":"type-product","3":"status-publish","4":"has-post-thumbnail","6":"product_cat-berilos-naturales","7":"product_cat-gemstones","9":"first","10":"instock","11":"sold-individually","12":"shipping-taxable","13":"purchasable","14":"product-type-simple"},"exclude_global_add_ons":[],"addons":[],"_links":{"self":[{"href":"https:\/\/amadofolch.com\/es\/wp-json\/wp\/v2\/product\/2698","targetHints":{"allow":["GET"]}}],"collection":[{"href":"https:\/\/amadofolch.com\/es\/wp-json\/wp\/v2\/product"}],"about":[{"href":"https:\/\/amadofolch.com\/es\/wp-json\/wp\/v2\/types\/product"}],"wp:featuredmedia":[{"embeddable":true,"href":"https:\/\/amadofolch.com\/es\/wp-json\/wp\/v2\/media\/2706"}],"wp:attachment":[{"href":"https:\/\/amadofolch.com\/es\/wp-json\/wp\/v2\/media?parent=2698"}],"wp:term":[{"taxonomy":"product_brand","embeddable":true,"href":"https:\/\/amadofolch.com\/es\/wp-json\/wp\/v2\/product_brand?post=2698"},{"taxonomy":"product_cat","embeddable":true,"href":"https:\/\/amadofolch.com\/es\/wp-json\/wp\/v2\/product_cat?post=2698"},{"taxonomy":"product_tag","embeddable":true,"href":"https:\/\/amadofolch.com\/es\/wp-json\/wp\/v2\/product_tag?post=2698"}],"curies":[{"name":"wp","href":"https:\/\/api.w.org\/{rel}","templated":true}]}}