{"id":3096,"date":"2024-03-21T20:20:47","date_gmt":"2024-03-21T20:20:47","guid":{"rendered":"https:\/\/amadofolch.com\/?post_type=product&#038;p=3096"},"modified":"2026-03-01T18:18:29","modified_gmt":"2026-03-01T18:18:29","slug":"esfalerita-8-60-ct","status":"publish","type":"product","link":"https:\/\/amadofolch.com\/es\/product\/esfalerita-8-60-ct\/","title":{"rendered":"Esfalerita 8.60 Ct"},"content":{"rendered":"<p>[et_pb_section fb_built=\u00bb1&#8243; _builder_version=\u00bb4.27.5&#8243; custom_padding=\u00bb0px||50px||false|false\u00bb hover_enabled=\u00bb0&#8243; global_colors_info=\u00bb{}\u00bb custom_margin=\u00bb||40px||false|false\u00bb sticky_enabled=\u00bb0&#8243;][et_pb_row _builder_version=\u00bb4.16&#8243; background_size=\u00bbinitial\u00bb background_position=\u00bbtop_left\u00bb background_repeat=\u00bbrepeat\u00bb width=\u00bb100%\u00bb custom_padding=\u00bb0px||0px||false|false\u00bb global_colors_info=\u00bb{}\u00bb][et_pb_column type=\u00bb4_4&#8243; _builder_version=\u00bb4.16&#8243; custom_padding=\u00bb|||\u00bb global_colors_info=\u00bb{}\u00bb custom_padding__hover=\u00bb|||\u00bb][et_pb_wc_breadcrumb _builder_version=\u00bb4.16&#8243; global_colors_info=\u00bb{}\u00bb][\/et_pb_wc_breadcrumb][et_pb_wc_cart_notice _builder_version=\u00bb4.16&#8243; global_colors_info=\u00bb{}\u00bb][\/et_pb_wc_cart_notice][\/et_pb_column][\/et_pb_row][et_pb_row column_structure=\u00bb1_2,1_2&#8243; _builder_version=\u00bb4.16&#8243; background_size=\u00bbinitial\u00bb background_position=\u00bbtop_left\u00bb background_repeat=\u00bbrepeat\u00bb width=\u00bb100%\u00bb custom_padding=\u00bb0px||||false|false\u00bb global_colors_info=\u00bb{}\u00bb][et_pb_column type=\u00bb1_2&#8243; _builder_version=\u00bb4.16&#8243; custom_padding=\u00bb|||\u00bb global_colors_info=\u00bb{}\u00bb custom_padding__hover=\u00bb|||\u00bb][et_pb_wc_images _builder_version=\u00bb4.16&#8243; global_colors_info=\u00bb{}\u00bb][\/et_pb_wc_images][et_pb_video _builder_version=\u00bb4.27.5&#8243; _module_preset=\u00bbdefault\u00bb title_text=\u00bbIMG_0790 4&#8243; src=\u00bbhttps:\/\/amadofolch.com\/wp-content\/uploads\/2024\/03\/IMG_0790-4-1.mov\u00bb width=\u00bb77%\u00bb module_alignment=\u00bbcenter\u00bb hover_enabled=\u00bb0&#8243; sticky_enabled=\u00bb0&#8243;][\/et_pb_video][\/et_pb_column][et_pb_column type=\u00bb1_2&#8243; _builder_version=\u00bb4.16&#8243; custom_padding=\u00bb|||\u00bb global_colors_info=\u00bb{}\u00bb custom_padding__hover=\u00bb|||\u00bb][et_pb_wc_title _builder_version=\u00bb4.16&#8243; global_colors_info=\u00bb{}\u00bb][\/et_pb_wc_title][et_pb_wc_rating _builder_version=\u00bb4.16&#8243; global_colors_info=\u00bb{}\u00bb][\/et_pb_wc_rating][et_pb_wc_price _builder_version=\u00bb4.16&#8243; global_colors_info=\u00bb{}\u00bb][\/et_pb_wc_price][et_pb_wc_description _builder_version=\u00bb4.21.0&#8243; text_orientation=\u00bbjustified\u00bb global_colors_info=\u00bb{}\u00bb][\/et_pb_wc_description][et_pb_wc_add_to_cart show_quantity=\u00bboff\u00bb show_stock=\u00bboff\u00bb _builder_version=\u00bb4.21.0&#8243; global_colors_info=\u00bb{}\u00bb][\/et_pb_wc_add_to_cart][et_pb_wc_meta _builder_version=\u00bb4.16&#8243; global_colors_info=\u00bb{}\u00bb][\/et_pb_wc_meta][\/et_pb_column][\/et_pb_row][\/et_pb_section]<\/p>\n","protected":false},"excerpt":{"rendered":"<div class=\"woocommerce-product-details__short-description\">\n<p><strong>Gema:<\/strong> <em>Esfalerita<\/em><\/p>\n<p><strong>Peso<\/strong>: <em>8.60 Ct<\/em><\/p>\n<p><strong>Tama\u00f1o:<\/strong>\u00a0<em> 14,7 x 12 x 6.7 mm<\/em><\/p>\n<p><strong>Origen:\u00a0<\/strong><em>Espa\u00f1a<\/em><\/p>\n<p><strong>Tratamiento:<\/strong>\u00a0<em>Sin tratamiento<\/em><\/p>\n<p><strong>Pureza:\u00a0<\/strong><em>S2 Gema con inclusiones<\/em><\/p>\n<p><strong>Notas: \u00a0<\/strong><em>En esta ocasi\u00f3n he retallado una esfalerita de 22,58 quilates ya que presenta una simetr\u00eda muy deficiente, un pulido muy malo y adem\u00e1s tiene un par de grandes fracturas y huecos que llegan hasta la superficie de la gema. El resultado ha sido una gema espectacular con un color naranja intenso y un gran brillo y juego de colores a pesar de sus inclusiones.<\/em><\/p>\n<p><span class=\"s1\"><b>Incluye certificado gemol\u00f3gico:<\/b><\/span> <i>con foto del cristal en bruto y diagrama de talla.<\/i><\/p>\n<p><img loading=\"lazy\" decoding=\"async\" class=\"alignnone wp-image-4261\" src=\"https:\/\/amadofolch.com\/wp-content\/uploads\/2026\/01\/certificatweb.jpg\" alt=\"\" width=\"400\" height=\"131\" \/><\/p>\n<\/div>\n<p>&nbsp;<\/p>\n<p><strong>Esfaleritas espa\u00f1olas, gemas realmente \u00fanicas<\/strong><\/p>\n<p>Con una magn\u00edfica variedad de tonos, la Esfalerita es la piedra preciosa espa\u00f1ola m\u00e1s destacada y muy apreciada por sus <strong>incre\u00edbles caracter\u00edsticas similares al diamante<\/strong> y su calidad superior.<\/p>\n<p>La Esfalerita espa\u00f1ola tiene colores, <strong>naranjas, rojos y amarillos brillantes<\/strong> con una saturaci\u00f3n media y un tono muy deseables. Como rara y ex\u00f3tica, la esfalerita espa\u00f1ola suele estar r<strong>estringida a colecciones especializadas y exhibiciones en museos<\/strong>, aunque tiene algunas propiedades \u00f3pticas notables. Fr\u00e1gil, dif\u00edcil de pulir y con seis direcciones de escisi\u00f3n perfecta, la esfalerita es un desaf\u00edo para el tallador. Si bien pueden restar brillo, las inclusiones en la esfalerita pueden aumentar su fuego. La Esfalerita espa\u00f1ola es muy limpia y muestra una claridad excepcion.<\/p>\n<p>Al igual que la esmeralda, la esfalerita est\u00e1 clasificada como una piedra preciosa de tipo III por GIA (Instituto Gemol\u00f3gico de Am\u00e9rica), piedras preciosas que normalmente crecen con muchas inclusiones en la naturaleza, que suelen ser visibles a simple vista. La pureza de la esfalerita var\u00edan desde totalmente l\u00edmpia hasta moderadamente incluida.<\/p>\n<p>&nbsp;<\/p>\n<p><span style=\"color: #cc1d1d;\">Si no est\u00e1s totalmente satisfecho, puedes <span class=\"s1\"><b>devolver la gema<\/b><\/span>.<\/span><\/p>\n","protected":false},"featured_media":3305,"template":"","meta":{"_et_pb_use_builder":"on","_et_pb_old_content":"","_et_gb_content_width":""},"product_brand":[],"product_cat":[78,40],"product_tag":[],"class_list":{"0":"post-3096","1":"product","2":"type-product","3":"status-publish","4":"has-post-thumbnail","6":"product_cat-gemas-de-coleccion","7":"product_cat-gemstones","9":"first","10":"instock","11":"sold-individually","12":"shipping-taxable","13":"purchasable","14":"product-type-simple"},"exclude_global_add_ons":[],"addons":[],"_links":{"self":[{"href":"https:\/\/amadofolch.com\/es\/wp-json\/wp\/v2\/product\/3096","targetHints":{"allow":["GET"]}}],"collection":[{"href":"https:\/\/amadofolch.com\/es\/wp-json\/wp\/v2\/product"}],"about":[{"href":"https:\/\/amadofolch.com\/es\/wp-json\/wp\/v2\/types\/product"}],"wp:featuredmedia":[{"embeddable":true,"href":"https:\/\/amadofolch.com\/es\/wp-json\/wp\/v2\/media\/3305"}],"wp:attachment":[{"href":"https:\/\/amadofolch.com\/es\/wp-json\/wp\/v2\/media?parent=3096"}],"wp:term":[{"taxonomy":"product_brand","embeddable":true,"href":"https:\/\/amadofolch.com\/es\/wp-json\/wp\/v2\/product_brand?post=3096"},{"taxonomy":"product_cat","embeddable":true,"href":"https:\/\/amadofolch.com\/es\/wp-json\/wp\/v2\/product_cat?post=3096"},{"taxonomy":"product_tag","embeddable":true,"href":"https:\/\/amadofolch.com\/es\/wp-json\/wp\/v2\/product_tag?post=3096"}],"curies":[{"name":"wp","href":"https:\/\/api.w.org\/{rel}","templated":true}]}}