{"id":3309,"date":"2024-04-24T05:36:16","date_gmt":"2024-04-24T05:36:16","guid":{"rendered":"https:\/\/amadofolch.com\/?post_type=product&#038;p=3309"},"modified":"2025-01-20T12:13:49","modified_gmt":"2025-01-20T12:13:49","slug":"apatito-6-79-ct","status":"publish","type":"product","link":"https:\/\/amadofolch.com\/es\/product\/apatito-6-79-ct\/","title":{"rendered":"Apatito dorado 6.70 Ct."},"content":{"rendered":"<p>[et_pb_section fb_built=\u00bb1&#8243; _builder_version=\u00bb4.16&#8243; custom_padding=\u00bb0px||||false|false\u00bb global_colors_info=\u00bb{}\u00bb][et_pb_row _builder_version=\u00bb4.16&#8243; background_size=\u00bbinitial\u00bb background_position=\u00bbtop_left\u00bb background_repeat=\u00bbrepeat\u00bb width=\u00bb100%\u00bb custom_padding=\u00bb0px||0px||false|false\u00bb global_colors_info=\u00bb{}\u00bb][et_pb_column type=\u00bb4_4&#8243; _builder_version=\u00bb4.16&#8243; custom_padding=\u00bb|||\u00bb global_colors_info=\u00bb{}\u00bb custom_padding__hover=\u00bb|||\u00bb][et_pb_wc_breadcrumb _builder_version=\u00bb4.16&#8243; global_colors_info=\u00bb{}\u00bb][\/et_pb_wc_breadcrumb][et_pb_wc_cart_notice _builder_version=\u00bb4.16&#8243; global_colors_info=\u00bb{}\u00bb][\/et_pb_wc_cart_notice][\/et_pb_column][\/et_pb_row][et_pb_row column_structure=\u00bb1_2,1_2&#8243; _builder_version=\u00bb4.16&#8243; background_size=\u00bbinitial\u00bb background_position=\u00bbtop_left\u00bb background_repeat=\u00bbrepeat\u00bb width=\u00bb100%\u00bb custom_padding=\u00bb0px||||false|false\u00bb global_colors_info=\u00bb{}\u00bb][et_pb_column type=\u00bb1_2&#8243; _builder_version=\u00bb4.16&#8243; custom_padding=\u00bb|||\u00bb global_colors_info=\u00bb{}\u00bb custom_padding__hover=\u00bb|||\u00bb][et_pb_wc_images _builder_version=\u00bb4.16&#8243; global_colors_info=\u00bb{}\u00bb][\/et_pb_wc_images][\/et_pb_column][et_pb_column type=\u00bb1_2&#8243; _builder_version=\u00bb4.16&#8243; custom_padding=\u00bb|||\u00bb global_colors_info=\u00bb{}\u00bb custom_padding__hover=\u00bb|||\u00bb][et_pb_wc_title _builder_version=\u00bb4.16&#8243; global_colors_info=\u00bb{}\u00bb][\/et_pb_wc_title][et_pb_wc_rating _builder_version=\u00bb4.16&#8243; global_colors_info=\u00bb{}\u00bb][\/et_pb_wc_rating][et_pb_wc_price _builder_version=\u00bb4.16&#8243; global_colors_info=\u00bb{}\u00bb][\/et_pb_wc_price][et_pb_wc_description _builder_version=\u00bb4.21.0&#8243; text_orientation=\u00bbjustified\u00bb global_colors_info=\u00bb{}\u00bb][\/et_pb_wc_description][et_pb_wc_add_to_cart show_quantity=\u00bboff\u00bb show_stock=\u00bboff\u00bb _builder_version=\u00bb4.21.0&#8243; global_colors_info=\u00bb{}\u00bb][\/et_pb_wc_add_to_cart][et_pb_wc_meta _builder_version=\u00bb4.16&#8243; global_colors_info=\u00bb{}\u00bb][\/et_pb_wc_meta][\/et_pb_column][\/et_pb_row][et_pb_row _builder_version=\u00bb4.24.2&#8243; _module_preset=\u00bbdefault\u00bb][et_pb_column _builder_version=\u00bb4.24.2&#8243; _module_preset=\u00bbdefault\u00bb type=\u00bb4_4&#8243;][et_pb_video _builder_version=\u00bb4.24.2&#8243; _module_preset=\u00bbdefault\u00bb title_text=\u00bbIMG_0819&#8243; src=\u00bbhttps:\/\/amadofolch.com\/wp-content\/uploads\/2024\/04\/IMG_0819.mp4&#8243; width=\u00bb49%\u00bb module_alignment=\u00bbcenter\u00bb hover_enabled=\u00bb0&#8243; sticky_enabled=\u00bb0&#8243;][\/et_pb_video][\/et_pb_column][\/et_pb_row][\/et_pb_section]<\/p>\n","protected":false},"excerpt":{"rendered":"<div class=\"woocommerce-product-details__short-description\">\n<p><strong>Gema:<\/strong> Apatito<\/p>\n<p><strong>Peso<\/strong>: 6.70 Cts.<\/p>\n<p><strong>Tama\u00f1o:<\/strong>\u00a0 12,1 x 9.0 x 6.8 mm.<\/p>\n<p><strong>Notas: <\/strong>Precioso Apatito amarillo de color dorado como el oro, gema con un brillo excepcional, rica en inclusiones suaves. La talla es la \u201cPseudo radiant\u201d de Arya Akhavan. Una pieza excepcional de colecci\u00f3n o joyer\u00eda a un precio fant\u00e1stico.<\/p>\n<p><strong>Pureza<\/strong>: S2 Inclusiones de tono claro<\/p>\n<p><strong>Origen:<\/strong> Brasil<\/p>\n<p><strong>Apatito<\/strong><\/p>\n<p><span data-originalfontsize=\"12pt\" data-originalcomputedfontsize=\"16\">Aunque demasiado fr\u00e1giles para la mayor\u00eda de los usos en joyer\u00eda, un apatito bien tallado es realmente magn\u00edfico. Un coleccionista podr\u00eda reunir un conjunto de hasta veinte de estas brillantes gemas, todas con diferentes colores.<\/span><\/p>\n<p><span data-originalfontsize=\"12pt\" data-originalcomputedfontsize=\"16\">Los apatitos brasile\u00f1os azules y aquellos con un color azul verdoso \u201cne\u00f3n\u201d, similar al de las turmalinas de Para\u00edba, tienen los precios m\u00e1s altos. Los ejemplares raros y de intenso color p\u00farpura de Maine tambi\u00e9n son muy apreciados.<\/span><\/p>\n<p><span data-originalfontsize=\"12pt\" data-originalcomputedfontsize=\"16\">Antes del descubrimiento de los ahora codiciados apatitos verde azulados ne\u00f3n de Brasil y Madagascar, estas piedras preciosas eran poco conocidas y rara vez aparec\u00edan en las colecciones de joyer\u00eda. Sin embargo, los coleccionistas de minerales los apreciaban no s\u00f3lo por sus colores sino tambi\u00e9n por su hermosa fluorescencia. Fr\u00e1giles y sensibles, los apatitos deben tallarse y usarse con cuidado. Aunque son dif\u00edciles de tallar y pulir, los apatitos facetados tienen unos colores y un brillo excepcionales.<\/span><\/p>\n<p><span data-originalfontsize=\"12pt\" data-originalcomputedfontsize=\"16\">Ya que su dureza es 5 en la escala de Mohs deben tratarse con cuidado y como una gema para ocasiones especiales. Para los anillos, utilice ajustes protectores, los colgantes, pendientes y broches son opciones de joyer\u00eda m\u00e1s seguras. Dado que los apatitos son sensibles a los \u00e1cidos, el calor y los golpes, merecen el mismo r\u00e9gimen de almacenamiento, cuidado y limpieza que los \u00f3palos.<\/span><\/p>\n<p><span data-originalfontsize=\"12pt\" data-originalcomputedfontsize=\"16\">Las piedras se pueden encontrar en tonos de azul a verde, amarillo, marr\u00f3n, rosa y violeta. Las variedades azul y amarilla se pueden encontrar en tama\u00f1os superiores a 5 quilates. Los apatitos azul ne\u00f3n rivalizan en color con las turmalinas de Para\u00edba.<\/span><\/p>\n<p><span data-originalfontsize=\"12pt\" data-originalcomputedfontsize=\"16\">El apatito con calidad de gema es una piedra \u00fanica cuyos diversos colores a menudo se deben a la presencia de elementos de tierras raras o a la irradiaci\u00f3n natural. El ojo de gato del apatito es muy buscado y rara vez se encuentra. En resumen, se trata de una gema con colores excepcionales un brillo muy bueno, pero con poca dureza por lo que hay que tratarlas con cuidado.<\/span><\/p>\n<\/div>\n","protected":false},"featured_media":3321,"template":"","meta":{"_et_pb_use_builder":"on","_et_pb_old_content":"","_et_gb_content_width":""},"product_brand":[],"product_cat":[40],"product_tag":[],"class_list":{"0":"post-3309","1":"product","2":"type-product","3":"status-publish","4":"has-post-thumbnail","6":"product_cat-gemstones","8":"first","9":"outofstock","10":"sold-individually","11":"shipping-taxable","12":"purchasable","13":"product-type-simple"},"exclude_global_add_ons":[],"addons":[],"_links":{"self":[{"href":"https:\/\/amadofolch.com\/es\/wp-json\/wp\/v2\/product\/3309","targetHints":{"allow":["GET"]}}],"collection":[{"href":"https:\/\/amadofolch.com\/es\/wp-json\/wp\/v2\/product"}],"about":[{"href":"https:\/\/amadofolch.com\/es\/wp-json\/wp\/v2\/types\/product"}],"wp:featuredmedia":[{"embeddable":true,"href":"https:\/\/amadofolch.com\/es\/wp-json\/wp\/v2\/media\/3321"}],"wp:attachment":[{"href":"https:\/\/amadofolch.com\/es\/wp-json\/wp\/v2\/media?parent=3309"}],"wp:term":[{"taxonomy":"product_brand","embeddable":true,"href":"https:\/\/amadofolch.com\/es\/wp-json\/wp\/v2\/product_brand?post=3309"},{"taxonomy":"product_cat","embeddable":true,"href":"https:\/\/amadofolch.com\/es\/wp-json\/wp\/v2\/product_cat?post=3309"},{"taxonomy":"product_tag","embeddable":true,"href":"https:\/\/amadofolch.com\/es\/wp-json\/wp\/v2\/product_tag?post=3309"}],"curies":[{"name":"wp","href":"https:\/\/api.w.org\/{rel}","templated":true}]}}