{"id":3926,"date":"2025-01-30T08:03:33","date_gmt":"2025-01-30T08:03:33","guid":{"rendered":"https:\/\/amadofolch.com\/?post_type=product&#038;p=3926"},"modified":"2026-02-28T22:11:49","modified_gmt":"2026-02-28T22:11:49","slug":"peridoto-china-2-65-cts","status":"publish","type":"product","link":"https:\/\/amadofolch.com\/es\/product\/peridoto-china-2-65-cts\/","title":{"rendered":"Peridoto China 2.65 Ct"},"content":{"rendered":"<p>[et_pb_section fb_built=\u00bb1&#8243; _builder_version=\u00bb4.27.5&#8243; custom_margin=\u00bb||40px||false|false\u00bb custom_padding=\u00bb0px||50px||false|false\u00bb global_colors_info=\u00bb{}\u00bb][et_pb_row _builder_version=\u00bb4.16&#8243; background_size=\u00bbinitial\u00bb background_position=\u00bbtop_left\u00bb background_repeat=\u00bbrepeat\u00bb width=\u00bb100%\u00bb custom_padding=\u00bb0px||0px||false|false\u00bb global_colors_info=\u00bb{}\u00bb][et_pb_column type=\u00bb4_4&#8243; _builder_version=\u00bb4.16&#8243; custom_padding=\u00bb|||\u00bb global_colors_info=\u00bb{}\u00bb custom_padding__hover=\u00bb|||\u00bb][et_pb_wc_breadcrumb _builder_version=\u00bb4.16&#8243; global_colors_info=\u00bb{}\u00bb][\/et_pb_wc_breadcrumb][et_pb_wc_cart_notice _builder_version=\u00bb4.16&#8243; global_colors_info=\u00bb{}\u00bb][\/et_pb_wc_cart_notice][\/et_pb_column][\/et_pb_row][et_pb_row column_structure=\u00bb1_2,1_2&#8243; _builder_version=\u00bb4.16&#8243; background_size=\u00bbinitial\u00bb background_position=\u00bbtop_left\u00bb background_repeat=\u00bbrepeat\u00bb width=\u00bb100%\u00bb custom_padding=\u00bb0px||||false|false\u00bb global_colors_info=\u00bb{}\u00bb][et_pb_column type=\u00bb1_2&#8243; _builder_version=\u00bb4.16&#8243; custom_padding=\u00bb|||\u00bb global_colors_info=\u00bb{}\u00bb custom_padding__hover=\u00bb|||\u00bb][et_pb_wc_images _builder_version=\u00bb4.16&#8243; global_colors_info=\u00bb{}\u00bb][\/et_pb_wc_images][et_pb_video src=\u00bbhttps:\/\/amadofolch.com\/wp-content\/uploads\/2025\/01\/IMG_0800.mov\u00bb _builder_version=\u00bb4.27.5&#8243; _module_preset=\u00bbdefault\u00bb width=\u00bb77%\u00bb module_alignment=\u00bbcenter\u00bb hover_enabled=\u00bb0&#8243; locked=\u00bboff\u00bb global_colors_info=\u00bb{}\u00bb title_text=\u00bbIMG_0800&#8243; sticky_enabled=\u00bb0&#8243;][\/et_pb_video][\/et_pb_column][et_pb_column type=\u00bb1_2&#8243; _builder_version=\u00bb4.16&#8243; custom_padding=\u00bb|||\u00bb global_colors_info=\u00bb{}\u00bb custom_padding__hover=\u00bb|||\u00bb][et_pb_wc_title _builder_version=\u00bb4.16&#8243; global_colors_info=\u00bb{}\u00bb][\/et_pb_wc_title][et_pb_wc_rating _builder_version=\u00bb4.16&#8243; global_colors_info=\u00bb{}\u00bb][\/et_pb_wc_rating][et_pb_wc_price _builder_version=\u00bb4.16&#8243; global_colors_info=\u00bb{}\u00bb][\/et_pb_wc_price][et_pb_wc_description _builder_version=\u00bb4.21.0&#8243; text_orientation=\u00bbjustified\u00bb custom_margin=\u00bb|||5px|false|false\u00bb global_colors_info=\u00bb{}\u00bb][\/et_pb_wc_description][et_pb_wc_add_to_cart show_quantity=\u00bboff\u00bb show_stock=\u00bboff\u00bb _builder_version=\u00bb4.21.0&#8243; global_colors_info=\u00bb{}\u00bb][\/et_pb_wc_add_to_cart][et_pb_wc_meta _builder_version=\u00bb4.16&#8243; global_colors_info=\u00bb{}\u00bb][\/et_pb_wc_meta][\/et_pb_column][\/et_pb_row][\/et_pb_section]<\/p>\n","protected":false},"excerpt":{"rendered":"<div class=\"woocommerce-product-details__short-description\">\n<p><strong>Gema:<\/strong> Peridoto natural<\/p>\n<p><strong>Peso<\/strong>: 2.65 Ct<\/p>\n<p><strong>Tama\u00f1o:<\/strong>\u00a0 8.2 x 6.4 x 4.7 mm<\/p>\n<p><strong>Origen: <\/strong><em>China<\/em><\/p>\n<p><strong>Tratamiento: <\/strong><em>Sin tratamiento<\/em><\/p>\n<p><strong>Pureza: <\/strong><em>VS2 Peque\u00f1as inclusiones<\/em><\/p>\n<p><strong>Notas: <\/strong><em>Preciosa pareja de Peridotos procedente de China. El color verde es muy bonito e intenso, las gemas tienen peque\u00f1as inclusiones en forma de laminas transparentes que no afectan por su orientacion al brillo de estas gemas. La talla se llama \u201cFritz15\u201d y es un dise\u00f1o de Tom Herbst realmente espectacular y \u00fanico que potencia el color y el brillo de estas fant\u00e1sticas gemas.<\/em><\/p>\n<p><span class=\"s1\"><b>Incluye certificado gemol\u00f3gico:<\/b><\/span> <i>con foto del cristal en bruto y diagrama de talla.<\/i><\/p>\n<p><img loading=\"lazy\" decoding=\"async\" class=\"alignnone wp-image-4261\" src=\"https:\/\/amadofolch.com\/wp-content\/uploads\/2026\/01\/certificatweb.jpg\" alt=\"\" width=\"400\" height=\"131\" \/><\/p>\n<\/div>\n<p>&nbsp;<\/p>\n<p style=\"font-weight: 400;\"><strong>El peridoto, una gema extrema.<\/strong><\/p>\n<p style=\"font-weight: 400;\"><span data-removefontsize=\"true\" data-originalcomputedfontsize=\"16\"><strong>Lo encontramos en la lava, en meteoritos y en el profundo manto terrestre<\/strong>. El peridoto se forma a 400 km bajo la superficie terrestre, en el <\/span><span data-removefontsize=\"true\" data-originalcomputedfontsize=\"16\">manto, a una temperatura de entre 800-1.200 y los yacimientos t\u00edpicos son en volcanes que expulsan el contenido del manto al exterior. Como curiosidad algunos meteoritos que han ca\u00eddo en nuestro planeta incluyen cristales de peridoto, en Rusia se han llegado a tallar como gemas algunos de estos cristales extraterrestres. <\/span><\/p>\n<p style=\"font-weight: 400;\"><span data-removefontsize=\"true\" data-originalcomputedfontsize=\"16\">Es una de las pocas gemas que debe su color a su composici\u00f3n y no a impurezas en su estructura cristalina, as\u00ed pues, el peridoto <strong>siempre ser\u00e1 de color verde<\/strong>, pero en distintas tonalidades. Los antiguos egipcios extra\u00edan el peridoto en la isla del Mar Rojo de Zabargad y lo llamaban la \u00abjoya del sol.\u00bb La leyenda cuenta que el peridoto fue la piedra preciosa favorita de Cleopatra, los cruzados lo trajeron a Europa donde se encuentra en muchas iglesias medievales.<\/span> <span data-removefontsize=\"true\" data-originalcomputedfontsize=\"16\">El peridoto m\u00e1s grande tallado fue encontrado en la isla Zabargad, pesa 319 quilates y pertenece a la Instituci\u00f3n Smithsonian. <\/span><\/p>\n<p style=\"font-weight: 400;\"><span data-removefontsize=\"true\" data-originalcomputedfontsize=\"16\">Los ejemplares del Peridoto m\u00e1s bellos son extra\u00eddos de la regi\u00f3n de Suppatt cerca del Himalaya en el noroeste de Cachemira, en Pakist\u00e1n, tienen un color y pureza sin igual, pero la oferta es muy limitada a causa de los inviernos r\u00edgidos que imposibilitan su extracci\u00f3n fuera de los meses de junio a septiembre.<\/span><\/p>\n<p style=\"font-weight: 400;\"><span data-removefontsize=\"true\" data-originalcomputedfontsize=\"16\">El peridoto es la gema mes de agosto.<\/span><\/p>\n<p>&nbsp;<\/p>\n<p class=\"p1\"><span style=\"color: #bf0a0a;\">Si no est\u00e1s totalmente satisfecho, puedes <span class=\"s1\"><b>devolver la gema<\/b><\/span>.<\/span><\/p>\n","protected":false},"featured_media":3935,"template":"","meta":{"_et_pb_use_builder":"on","_et_pb_old_content":"","_et_gb_content_width":""},"product_brand":[],"product_cat":[40,73],"product_tag":[],"class_list":{"0":"post-3926","1":"product","2":"type-product","3":"status-publish","4":"has-post-thumbnail","6":"product_cat-gemstones","7":"product_cat-peridotos","9":"first","10":"instock","11":"sold-individually","12":"shipping-taxable","13":"purchasable","14":"product-type-simple"},"exclude_global_add_ons":[],"addons":[],"_links":{"self":[{"href":"https:\/\/amadofolch.com\/es\/wp-json\/wp\/v2\/product\/3926","targetHints":{"allow":["GET"]}}],"collection":[{"href":"https:\/\/amadofolch.com\/es\/wp-json\/wp\/v2\/product"}],"about":[{"href":"https:\/\/amadofolch.com\/es\/wp-json\/wp\/v2\/types\/product"}],"wp:featuredmedia":[{"embeddable":true,"href":"https:\/\/amadofolch.com\/es\/wp-json\/wp\/v2\/media\/3935"}],"wp:attachment":[{"href":"https:\/\/amadofolch.com\/es\/wp-json\/wp\/v2\/media?parent=3926"}],"wp:term":[{"taxonomy":"product_brand","embeddable":true,"href":"https:\/\/amadofolch.com\/es\/wp-json\/wp\/v2\/product_brand?post=3926"},{"taxonomy":"product_cat","embeddable":true,"href":"https:\/\/amadofolch.com\/es\/wp-json\/wp\/v2\/product_cat?post=3926"},{"taxonomy":"product_tag","embeddable":true,"href":"https:\/\/amadofolch.com\/es\/wp-json\/wp\/v2\/product_tag?post=3926"}],"curies":[{"name":"wp","href":"https:\/\/api.w.org\/{rel}","templated":true}]}}