{"id":3938,"date":"2025-02-05T11:24:38","date_gmt":"2025-02-05T11:24:38","guid":{"rendered":"https:\/\/amadofolch.com\/?post_type=product&#038;p=3938"},"modified":"2026-02-28T20:45:53","modified_gmt":"2026-02-28T20:45:53","slug":"amatista-uruguaya-5-00-cts","status":"publish","type":"product","link":"https:\/\/amadofolch.com\/es\/product\/amatista-uruguaya-5-00-cts\/","title":{"rendered":"Amatista Brasil 5.00 Ct"},"content":{"rendered":"<p>[et_pb_section fb_built=\u00bb1&#8243; _builder_version=\u00bb4.27.5&#8243; custom_margin=\u00bb||40px||false|false\u00bb custom_padding=\u00bb0px||50px||false|false\u00bb global_colors_info=\u00bb{}\u00bb][et_pb_row _builder_version=\u00bb4.16&#8243; background_size=\u00bbinitial\u00bb background_position=\u00bbtop_left\u00bb background_repeat=\u00bbrepeat\u00bb width=\u00bb100%\u00bb custom_padding=\u00bb0px||0px||false|false\u00bb global_colors_info=\u00bb{}\u00bb][et_pb_column type=\u00bb4_4&#8243; _builder_version=\u00bb4.16&#8243; custom_padding=\u00bb|||\u00bb global_colors_info=\u00bb{}\u00bb custom_padding__hover=\u00bb|||\u00bb][et_pb_wc_breadcrumb _builder_version=\u00bb4.16&#8243; global_colors_info=\u00bb{}\u00bb][\/et_pb_wc_breadcrumb][et_pb_wc_cart_notice _builder_version=\u00bb4.16&#8243; global_colors_info=\u00bb{}\u00bb][\/et_pb_wc_cart_notice][\/et_pb_column][\/et_pb_row][et_pb_row column_structure=\u00bb1_2,1_2&#8243; _builder_version=\u00bb4.16&#8243; background_size=\u00bbinitial\u00bb background_position=\u00bbtop_left\u00bb background_repeat=\u00bbrepeat\u00bb width=\u00bb100%\u00bb custom_padding=\u00bb0px||||false|false\u00bb global_colors_info=\u00bb{}\u00bb][et_pb_column type=\u00bb1_2&#8243; _builder_version=\u00bb4.16&#8243; custom_padding=\u00bb|||\u00bb global_colors_info=\u00bb{}\u00bb custom_padding__hover=\u00bb|||\u00bb][et_pb_wc_images _builder_version=\u00bb4.16&#8243; global_colors_info=\u00bb{}\u00bb][\/et_pb_wc_images][et_pb_video src=\u00bbhttps:\/\/amadofolch.com\/wp-content\/uploads\/2025\/02\/IMG_0808.mov\u00bb _builder_version=\u00bb4.27.5&#8243; _module_preset=\u00bbdefault\u00bb width=\u00bb77%\u00bb module_alignment=\u00bbcenter\u00bb hover_enabled=\u00bb0&#8243; locked=\u00bboff\u00bb global_colors_info=\u00bb{}\u00bb title_text=\u00bbIMG_0808&#8243; sticky_enabled=\u00bb0&#8243;][\/et_pb_video][\/et_pb_column][et_pb_column type=\u00bb1_2&#8243; _builder_version=\u00bb4.16&#8243; custom_padding=\u00bb|||\u00bb global_colors_info=\u00bb{}\u00bb custom_padding__hover=\u00bb|||\u00bb][et_pb_wc_title _builder_version=\u00bb4.16&#8243; global_colors_info=\u00bb{}\u00bb][\/et_pb_wc_title][et_pb_wc_rating _builder_version=\u00bb4.16&#8243; global_colors_info=\u00bb{}\u00bb][\/et_pb_wc_rating][et_pb_wc_price _builder_version=\u00bb4.16&#8243; global_colors_info=\u00bb{}\u00bb][\/et_pb_wc_price][et_pb_wc_description _builder_version=\u00bb4.21.0&#8243; text_orientation=\u00bbjustified\u00bb global_colors_info=\u00bb{}\u00bb][\/et_pb_wc_description][et_pb_wc_add_to_cart show_quantity=\u00bboff\u00bb show_stock=\u00bboff\u00bb _builder_version=\u00bb4.21.0&#8243; global_colors_info=\u00bb{}\u00bb][\/et_pb_wc_add_to_cart][et_pb_wc_meta _builder_version=\u00bb4.16&#8243; global_colors_info=\u00bb{}\u00bb][\/et_pb_wc_meta][\/et_pb_column][\/et_pb_row][\/et_pb_section]<\/p>\n","protected":false},"excerpt":{"rendered":"<div class=\"woocommerce-product-details__short-description\">\n<p><strong>Gema:<\/strong> Amatista<\/p>\n<p><strong>Peso<\/strong>: 5.00 Ct<\/p>\n<p><strong>Tama\u00f1o:<\/strong>\u00a0 10.8 x 10.8 x 7.2 mm<\/p>\n<p><strong>Origen: <\/strong><em>Brasil<\/em><\/p>\n<p><strong>Tratamiento: <\/strong><em>Sin tratamiento<\/em><\/p>\n<p><strong>Pureza: <\/strong><em>IF Gema l\u00edmpia<\/em><\/p>\n<p><strong>Notas:\u00a0<\/strong>Bonita amatista de buen tama\u00f1o, color lavanda suave natural ! Talla princesa de Andrew Ian Brown.<\/p>\n<p><span class=\"s1\"><b>Incluye certificado gemol\u00f3gico:<\/b><\/span> <i>con foto del cristal en bruto y diagrama de talla.<\/i><\/p>\n<p><img loading=\"lazy\" decoding=\"async\" class=\"alignnone wp-image-4261\" src=\"https:\/\/amadofolch.com\/wp-content\/uploads\/2026\/01\/certificatweb.jpg\" alt=\"\" width=\"400\" height=\"131\" \/><\/p>\n<\/div>\n<p>&nbsp;<\/p>\n<p style=\"font-weight: 400;\"><strong>Amatista natural, la gema violeta<\/strong><\/p>\n<p style=\"font-weight: 400;\"><span data-removefontsize=\"true\" data-originalcomputedfontsize=\"16\">La amatista es la <strong>variedad violeta del cuarzo<\/strong>, a menudo forma grandes cristales de seis caras. Se conoce un collar de amatistas de 2.000 a\u00f1os de antig\u00fcedad procedente del sur de Arabia. <strong>La amatista era tan cara como el rub\u00ed y la esmeralda hasta el siglo XIX<\/strong>, cuando se descubrieron los grandes yacimientos de Brasil. Antiguamente se cre\u00eda que preven\u00eda la intoxicaci\u00f3n: amethystos significa \u201cno borracho\u201d en griego antiguo.<\/span><\/p>\n<p style=\"font-weight: 400;\"><span data-removefontsize=\"true\" data-originalcomputedfontsize=\"16\">Habitualmente tiene zonas de color que se manifiestan en l\u00edneas m\u00e1s claras y m\u00e1s oscuras en su interior. \u00a0<\/span><span data-removefontsize=\"true\" data-originalcomputedfontsize=\"16\">Las gemas m\u00e1s finas tienen un color aterciopelado, con brillos azules y provienen de las minas africanas y sudamericanas, Uruguai destaca entre los yacimientos de mayor calidad. Actualmente las amatistas de gran calidad est\u00e1n muy demandadas en las joyer\u00edas de todo el mundo.<\/span><\/p>\n<p style=\"font-weight: 400;\"><span data-removefontsize=\"true\" data-originalcomputedfontsize=\"16\">La amatista es la gema de febrero<\/span><\/p>\n<p>&nbsp;<\/p>\n<p>&nbsp;<\/p>\n<p class=\"p1\"><span style=\"color: #bf0a0a;\">Si no est\u00e1s totalmente satisfecho, puedes <span class=\"s1\"><b>devolver la gema<\/b><\/span>.<\/span><\/p>\n","protected":false},"featured_media":3944,"template":"","meta":{"_et_pb_use_builder":"on","_et_pb_old_content":"","_et_gb_content_width":""},"product_brand":[],"product_cat":[76,40],"product_tag":[],"class_list":{"0":"post-3938","1":"product","2":"type-product","3":"status-publish","4":"has-post-thumbnail","6":"product_cat-cuarzo","7":"product_cat-gemstones","9":"first","10":"instock","11":"sold-individually","12":"shipping-taxable","13":"purchasable","14":"product-type-simple"},"exclude_global_add_ons":[],"addons":[],"_links":{"self":[{"href":"https:\/\/amadofolch.com\/es\/wp-json\/wp\/v2\/product\/3938","targetHints":{"allow":["GET"]}}],"collection":[{"href":"https:\/\/amadofolch.com\/es\/wp-json\/wp\/v2\/product"}],"about":[{"href":"https:\/\/amadofolch.com\/es\/wp-json\/wp\/v2\/types\/product"}],"wp:featuredmedia":[{"embeddable":true,"href":"https:\/\/amadofolch.com\/es\/wp-json\/wp\/v2\/media\/3944"}],"wp:attachment":[{"href":"https:\/\/amadofolch.com\/es\/wp-json\/wp\/v2\/media?parent=3938"}],"wp:term":[{"taxonomy":"product_brand","embeddable":true,"href":"https:\/\/amadofolch.com\/es\/wp-json\/wp\/v2\/product_brand?post=3938"},{"taxonomy":"product_cat","embeddable":true,"href":"https:\/\/amadofolch.com\/es\/wp-json\/wp\/v2\/product_cat?post=3938"},{"taxonomy":"product_tag","embeddable":true,"href":"https:\/\/amadofolch.com\/es\/wp-json\/wp\/v2\/product_tag?post=3938"}],"curies":[{"name":"wp","href":"https:\/\/api.w.org\/{rel}","templated":true}]}}