{"id":3969,"date":"2025-10-07T06:40:04","date_gmt":"2025-10-07T06:40:04","guid":{"rendered":"https:\/\/amadofolch.com\/?post_type=product&#038;p=3969"},"modified":"2026-02-28T20:42:54","modified_gmt":"2026-02-28T20:42:54","slug":"cromo-turmalina-055-tanzania","status":"publish","type":"product","link":"https:\/\/amadofolch.com\/es\/product\/cromo-turmalina-055-tanzania\/","title":{"rendered":"Cromo Turmalina 0.55 Ct"},"content":{"rendered":"<p>[et_pb_section fb_built=\u00bb1&#8243; _builder_version=\u00bb4.27.5&#8243; custom_margin=\u00bb||40px||false|false\u00bb custom_padding=\u00bb0px||50px||false|false\u00bb global_colors_info=\u00bb{}\u00bb][et_pb_row _builder_version=\u00bb4.16&#8243; background_size=\u00bbinitial\u00bb background_position=\u00bbtop_left\u00bb background_repeat=\u00bbrepeat\u00bb width=\u00bb100%\u00bb custom_padding=\u00bb0px||0px||false|false\u00bb global_colors_info=\u00bb{}\u00bb][et_pb_column type=\u00bb4_4&#8243; _builder_version=\u00bb4.16&#8243; custom_padding=\u00bb|||\u00bb global_colors_info=\u00bb{}\u00bb custom_padding__hover=\u00bb|||\u00bb][et_pb_wc_breadcrumb _builder_version=\u00bb4.16&#8243; global_colors_info=\u00bb{}\u00bb][\/et_pb_wc_breadcrumb][et_pb_wc_cart_notice _builder_version=\u00bb4.16&#8243; global_colors_info=\u00bb{}\u00bb][\/et_pb_wc_cart_notice][\/et_pb_column][\/et_pb_row][et_pb_row column_structure=\u00bb1_2,1_2&#8243; _builder_version=\u00bb4.16&#8243; background_size=\u00bbinitial\u00bb background_position=\u00bbtop_left\u00bb background_repeat=\u00bbrepeat\u00bb width=\u00bb100%\u00bb custom_padding=\u00bb0px||||false|false\u00bb global_colors_info=\u00bb{}\u00bb][et_pb_column type=\u00bb1_2&#8243; _builder_version=\u00bb4.16&#8243; custom_padding=\u00bb|||\u00bb global_colors_info=\u00bb{}\u00bb custom_padding__hover=\u00bb|||\u00bb][et_pb_wc_images _builder_version=\u00bb4.16&#8243; global_colors_info=\u00bb{}\u00bb][\/et_pb_wc_images][et_pb_video src=\u00bbhttps:\/\/amadofolch.com\/wp-content\/uploads\/2025\/10\/IMG_9314.mov\u00bb _builder_version=\u00bb4.27.5&#8243; _module_preset=\u00bbdefault\u00bb width=\u00bb77%\u00bb module_alignment=\u00bbcenter\u00bb hover_enabled=\u00bb0&#8243; locked=\u00bboff\u00bb global_colors_info=\u00bb{}\u00bb title_text=\u00bbIMG_9314&#8243; sticky_enabled=\u00bb0&#8243;][\/et_pb_video][\/et_pb_column][et_pb_column type=\u00bb1_2&#8243; _builder_version=\u00bb4.16&#8243; custom_padding=\u00bb|||\u00bb global_colors_info=\u00bb{}\u00bb custom_padding__hover=\u00bb|||\u00bb][et_pb_wc_title _builder_version=\u00bb4.16&#8243; global_colors_info=\u00bb{}\u00bb][\/et_pb_wc_title][et_pb_wc_rating _builder_version=\u00bb4.16&#8243; global_colors_info=\u00bb{}\u00bb][\/et_pb_wc_rating][et_pb_wc_price _builder_version=\u00bb4.16&#8243; global_colors_info=\u00bb{}\u00bb][\/et_pb_wc_price][et_pb_wc_description _builder_version=\u00bb4.21.0&#8243; text_orientation=\u00bbjustified\u00bb global_colors_info=\u00bb{}\u00bb][\/et_pb_wc_description][et_pb_wc_add_to_cart show_quantity=\u00bboff\u00bb show_stock=\u00bboff\u00bb _builder_version=\u00bb4.21.0&#8243; global_colors_info=\u00bb{}\u00bb][\/et_pb_wc_add_to_cart][et_pb_wc_meta _builder_version=\u00bb4.16&#8243; global_colors_info=\u00bb{}\u00bb][\/et_pb_wc_meta][\/et_pb_column][\/et_pb_row][\/et_pb_section]<\/p>\n","protected":false},"excerpt":{"rendered":"<div class=\"woocommerce-product-details__short-description\">\n<p><strong>Gema:<\/strong> Turmalina<\/p>\n<p><strong>Peso<\/strong>: 0,55 Ct<\/p>\n<p><strong>Tama\u00f1o:<\/strong>\u00a0 6,5 x 4,3 x 3,2 mm<\/p>\n<p><strong>Or\u00edgen: <\/strong><em>Tanzania<\/em><\/p>\n<p><strong>Tratamiento: <\/strong><em>Sin tratamiento<\/em><\/p>\n<p><strong>Pureza: <\/strong><em>S2 Peque\u00f1as inclusiones<\/em><\/p>\n<p><strong>Notas: \u00a0<\/strong>La cromo turmalina como las esmeraldas debe su color al Cromo y al Vanadio. Junto con las paraiba son las turmalinas mas raras y con los colores mas bonitos e intensos. Esta peque\u00f1a turmalina tiene un color verde precioso y presenta peque\u00f1as inclusiones.<\/p>\n<p><span class=\"s1\"><b>Incluye certificado gemol\u00f3gico:<\/b><\/span> <i>con foto del cristal en bruto y diagrama de talla.<\/i><\/p>\n<p><img loading=\"lazy\" decoding=\"async\" class=\"alignnone wp-image-4261\" src=\"https:\/\/amadofolch.com\/wp-content\/uploads\/2026\/01\/certificatweb.jpg\" alt=\"\" width=\"400\" height=\"131\" \/><\/p>\n<\/div>\n<p>&nbsp;<\/p>\n<p style=\"font-weight: 400;\"><strong>La turmalina, gema multicolor<\/strong><\/p>\n<p style=\"font-weight: 400;\"><span data-removefontsize=\"true\" data-originalcomputedfontsize=\"16\">Es probable que la gente haya usado la turmalina como gema durante siglos, pero hasta el desarrollo de la mineralog\u00eda moderna, la identificaron como alguna otra piedra (rub\u00ed, zafiro, esmeralda, etc.) en funci\u00f3n de su color. En alg\u00fan lugar de Brasil en el siglo XVI, un conquistador espa\u00f1ol lav\u00f3 la suciedad de un cristal de turmalina verde y confundi\u00f3 la vibrante gema con una esmeralda. Su confusi\u00f3n perdur\u00f3 hasta que los cient\u00edficos reconocieron la turmalina como una especie mineral distinta en el siglo XIX. <\/span><\/p>\n<p style=\"font-weight: 400;\"><span data-removefontsize=\"true\" data-originalcomputedfontsize=\"16\"><strong>Existen turmalinas de pr\u00e1cticamente todos los colores<\/strong> y en todas las tonalidades y matices, desde incoloras hasta negras pasando por todos los verdes, rojos, azules amarillos, marrones, violetas, etc. Para los mineros que buscan turmalinas, el trabajo consiste principalmente en excavar roca est\u00e9ril hasta que el trabajo da como resultado la recompensa ocasional y repentina de una rica bolsa llena de cristales de gemas espectaculares. <\/span><\/p>\n<p style=\"font-weight: 400;\"><span data-removefontsize=\"true\" data-originalcomputedfontsize=\"16\">De Brasil provienen las <strong>exclusivas y car\u00edsimas turmalinas Paraiba<\/strong> de colores azul y verde pastel.<\/span><\/p>\n<p><strong>Las cromoturmalinas<\/strong> son un tipo de turmalina conocidas por sus exuberantes tonos verdes. Esta variedad de turmalina se descubri\u00f3 oficialmente a finales del siglo XX.<\/p>\n<p>\u00bfEs la turmalina cromada una piedra rara? Generalmente, s\u00ed. Aunque no es tan rara como variedades como la turmalina Para\u00edba o la rubelita, la cromoturmalina es mucho m\u00e1s rara y codiciada que otros tipos de turmalinas verdes. \u00a1Es incluso m\u00e1s rara que el granate tsavorita y la esmeralda!<\/p>\n<p style=\"font-weight: 400;\"><strong>La turmalina es la gema de octubre<\/strong>, junto con el \u00f3palo. La turmalina tambi\u00e9n es la gema del octavo aniversario.<\/p>\n<p>&nbsp;<\/p>\n<p class=\"p1\"><span style=\"color: #bf0a0a;\">Si no est\u00e1s totalmente satisfecho, puedes <span class=\"s1\"><b>devolver la gema<\/b><\/span>.<\/span><\/p>\n","protected":false},"featured_media":4090,"template":"","meta":{"_et_pb_use_builder":"on","_et_pb_old_content":"","_et_gb_content_width":""},"product_brand":[],"product_cat":[78,40,74],"product_tag":[],"class_list":{"0":"post-3969","1":"product","2":"type-product","3":"status-publish","4":"has-post-thumbnail","6":"product_cat-gemas-de-coleccion","7":"product_cat-gemstones","8":"product_cat-turmalinas-naturales","10":"first","11":"instock","12":"sold-individually","13":"shipping-taxable","14":"purchasable","15":"product-type-simple"},"exclude_global_add_ons":[],"addons":[],"_links":{"self":[{"href":"https:\/\/amadofolch.com\/es\/wp-json\/wp\/v2\/product\/3969","targetHints":{"allow":["GET"]}}],"collection":[{"href":"https:\/\/amadofolch.com\/es\/wp-json\/wp\/v2\/product"}],"about":[{"href":"https:\/\/amadofolch.com\/es\/wp-json\/wp\/v2\/types\/product"}],"wp:featuredmedia":[{"embeddable":true,"href":"https:\/\/amadofolch.com\/es\/wp-json\/wp\/v2\/media\/4090"}],"wp:attachment":[{"href":"https:\/\/amadofolch.com\/es\/wp-json\/wp\/v2\/media?parent=3969"}],"wp:term":[{"taxonomy":"product_brand","embeddable":true,"href":"https:\/\/amadofolch.com\/es\/wp-json\/wp\/v2\/product_brand?post=3969"},{"taxonomy":"product_cat","embeddable":true,"href":"https:\/\/amadofolch.com\/es\/wp-json\/wp\/v2\/product_cat?post=3969"},{"taxonomy":"product_tag","embeddable":true,"href":"https:\/\/amadofolch.com\/es\/wp-json\/wp\/v2\/product_tag?post=3969"}],"curies":[{"name":"wp","href":"https:\/\/api.w.org\/{rel}","templated":true}]}}