{"id":4265,"date":"2026-02-12T11:10:04","date_gmt":"2026-02-12T11:10:04","guid":{"rendered":"https:\/\/amadofolch.com\/?post_type=product&#038;p=4265"},"modified":"2026-02-28T11:08:24","modified_gmt":"2026-02-28T11:08:24","slug":"cristobalia-el-hoyazo","status":"publish","type":"product","link":"https:\/\/amadofolch.com\/es\/product\/cristobalia-el-hoyazo\/","title":{"rendered":"Cristobalita 1.50 Ct (El Hoyazo)"},"content":{"rendered":"<p>[et_pb_section fb_built=\u00bb1&#8243; _builder_version=\u00bb4.27.5&#8243; custom_margin=\u00bb||39px||false|false\u00bb custom_padding=\u00bb0px||50px||false|false\u00bb global_colors_info=\u00bb{}\u00bb][et_pb_row _builder_version=\u00bb4.16&#8243; background_size=\u00bbinitial\u00bb background_position=\u00bbtop_left\u00bb background_repeat=\u00bbrepeat\u00bb width=\u00bb100%\u00bb custom_padding=\u00bb0px||0px||false|false\u00bb global_colors_info=\u00bb{}\u00bb][et_pb_column type=\u00bb4_4&#8243; _builder_version=\u00bb4.16&#8243; custom_padding=\u00bb|||\u00bb global_colors_info=\u00bb{}\u00bb custom_padding__hover=\u00bb|||\u00bb][et_pb_wc_breadcrumb _builder_version=\u00bb4.16&#8243; global_colors_info=\u00bb{}\u00bb][\/et_pb_wc_breadcrumb][et_pb_wc_cart_notice _builder_version=\u00bb4.16&#8243; global_colors_info=\u00bb{}\u00bb][\/et_pb_wc_cart_notice][\/et_pb_column][\/et_pb_row][et_pb_row column_structure=\u00bb1_2,1_2&#8243; _builder_version=\u00bb4.16&#8243; background_size=\u00bbinitial\u00bb background_position=\u00bbtop_left\u00bb background_repeat=\u00bbrepeat\u00bb width=\u00bb100%\u00bb custom_padding=\u00bb0px||||false|false\u00bb global_colors_info=\u00bb{}\u00bb][et_pb_column type=\u00bb1_2&#8243; _builder_version=\u00bb4.16&#8243; custom_padding=\u00bb|||\u00bb global_colors_info=\u00bb{}\u00bb custom_padding__hover=\u00bb|||\u00bb][et_pb_wc_images _builder_version=\u00bb4.16&#8243; global_colors_info=\u00bb{}\u00bb][\/et_pb_wc_images][et_pb_video src=\u00bbhttps:\/\/amadofolch.com\/wp-content\/uploads\/2026\/02\/IMG_0775.mov\u00bb _builder_version=\u00bb4.27.5&#8243; _module_preset=\u00bbdefault\u00bb width=\u00bb77%\u00bb hover_enabled=\u00bb0&#8243; global_colors_info=\u00bb{}\u00bb title_text=\u00bbIMG_0775&#8243; sticky_enabled=\u00bb0&#8243;][\/et_pb_video][\/et_pb_column][et_pb_column type=\u00bb1_2&#8243; _builder_version=\u00bb4.16&#8243; custom_padding=\u00bb|||\u00bb global_colors_info=\u00bb{}\u00bb custom_padding__hover=\u00bb|||\u00bb][et_pb_wc_title _builder_version=\u00bb4.16&#8243; global_colors_info=\u00bb{}\u00bb][\/et_pb_wc_title][et_pb_wc_rating _builder_version=\u00bb4.16&#8243; global_colors_info=\u00bb{}\u00bb][\/et_pb_wc_rating][et_pb_wc_price _builder_version=\u00bb4.16&#8243; global_colors_info=\u00bb{}\u00bb][\/et_pb_wc_price][et_pb_wc_description _builder_version=\u00bb4.21.0&#8243; text_orientation=\u00bbjustified\u00bb global_colors_info=\u00bb{}\u00bb][\/et_pb_wc_description][et_pb_wc_add_to_cart show_quantity=\u00bboff\u00bb show_stock=\u00bboff\u00bb _builder_version=\u00bb4.21.0&#8243; global_colors_info=\u00bb{}\u00bb][\/et_pb_wc_add_to_cart][et_pb_wc_meta _builder_version=\u00bb4.16&#8243; global_colors_info=\u00bb{}\u00bb][\/et_pb_wc_meta][\/et_pb_column][\/et_pb_row][\/et_pb_section]<\/p>\n","protected":false},"excerpt":{"rendered":"<div class=\"woocommerce-product-details__short-description\">\n<p><strong>Gema:\u00a0<\/strong><em>Cristobalita<\/em><\/p>\n<p><strong>Peso<\/strong>: <em>1.50 Ct<\/em><\/p>\n<p><strong>Tama\u00f1o:<\/strong>\u00a0 <em>7.5 x 5.3 x 4.4 mm.<\/em><\/p>\n<p><strong>Origen:<\/strong> <em>Nijar (La Hoya)<\/em><\/p>\n<p><strong>Tratamiento:\u00a0<\/strong><em>Ninguno<\/em><\/p>\n<p><strong>Pureza<\/strong>: <em>VVS1 Muy muy peque\u00f1as inclusiones<\/em><\/p>\n<p><strong>Notas: <\/strong><em>En el yacimiento de La Hoya en N\u00edjar (el cr\u00e1ter de un volcan) podemos encontrar diferentes minerales entre ellos granates de tipo Almandino\/Andradita \u00abGranatillas\u00bb y Cristobalitas, es muy dif\u00edcil encontrar alguna de calidad gema para poder ser tallada, pero de vez en cuando aparecen algunas y es un aut\u00e9ntico placer facetar estas rar\u00edsimas y \u00fanicas gemas. Para la ocasi\u00f3n he dise\u00f1ado esta talla \u00abSilene\u00bb, muy elaborada pero que le aporta un brillo extra a esta preciosa gema.<\/em><\/p>\n<p>&nbsp;<\/p>\n<p><span class=\"s1\"><b>Incluye certificado gemol\u00f3gico:<\/b><\/span> <i>con foto del cristal en bruto y diagrama de talla.<\/i><\/p>\n<p><img loading=\"lazy\" decoding=\"async\" class=\"alignnone wp-image-4261\" src=\"https:\/\/amadofolch.com\/wp-content\/uploads\/2026\/01\/certificatweb.jpg\" alt=\"\" width=\"400\" height=\"131\" \/><\/p>\n<\/div>\n<p>&nbsp;<\/p>\n<h4><\/h4>\n<p><b>La Cristobalita \u2014 una gema volc\u00e1nica<\/b><\/p>\n<p style=\"font-weight: 400;\"><strong>La cristobalita<\/strong> es un polimorfo mineral de s\u00edlice que se forma a temperaturas muy altas. <strong>Se forma<\/strong> como mineral secundario <strong>en rocas volc\u00e1nicas<\/strong> y en procesos de desvitrificaci\u00f3n. <strong>Tiene la misma f\u00f3rmula qu\u00edmica que el cuarzo, SiO\u2082, pero una estructura cristalina distinta.<\/strong> Tanto el cuarzo como la cristobalita son polimorfos con todos los miembros del grupo del cuarzo, que tambi\u00e9n incluyen la coesita, la tridimita y la stishovita. Recibe su nombre del Cerro San Crist\u00f3bal en el municipio de Pachuca, Hidalgo, M\u00e9xico.<\/p>\n<p class=\"p1\">El Hoyazo (N\u00edjar, Almer\u00eda) es el cr\u00e1ter de un antiguo volc\u00e1n submarino formado hace aproximadamente <span class=\"s1\"><b>10 millones de a\u00f1os<\/b><\/span>. Tras su extinci\u00f3n, se desarrollaron <span class=\"s1\"><b>arrecifes de coral<\/b><\/span> en los bordes del cr\u00e1ter, hoy fosilizados.La erosi\u00f3n y el descenso del nivel del mar han conservado una estructura geol\u00f3gica excepcional.<span class=\"Apple-converted-space\">\u00a0<\/span><\/p>\n<p>En el interior del cr\u00e1ter se encuentran minerales y cristales como <span class=\"s2\"><b>sillimanita, biotita, cordierita, cristobalita y granates<\/b><\/span>. Son cristales procedentes de rocas antiguas y profundas que el magma incorpor\u00f3 durante su ascenso y transport\u00f3 hasta la superficie.<\/p>\n<p>En El Hoyazo aparecen Cristobalitas de gran calidad que se pueden tallar y muestran una <span class=\"s1\"><b>transparencia extraordinaria<\/b><\/span>, con tama\u00f1os desde pocos mil\u00edmetros hasta <span class=\"s1\"><b>10 cm<\/b><\/span>.<span class=\"Apple-converted-space\">\u00a0<\/span><\/p>\n<p><span style=\"color: #0000ff;\"><strong><a style=\"color: #0000ff;\" href=\"https:\/\/amadofolch.com\/es\/el-hoyazo\/\">Conoce El Hoyazo<\/a><\/strong><\/span><\/p>\n<p>&nbsp;<\/p>\n<p class=\"p1\"><span style=\"color: #bf0a0a;\">Si no est\u00e1s totalmente satisfecho, puedes <span class=\"s1\"><b>devolver la gema<\/b><\/span>.<\/span><\/p>\n","protected":false},"featured_media":4269,"template":"","meta":{"_et_pb_use_builder":"on","_et_pb_old_content":"","_et_gb_content_width":""},"product_brand":[],"product_cat":[78,76,79,40],"product_tag":[],"class_list":{"0":"post-4265","1":"product","2":"type-product","3":"status-publish","4":"has-post-thumbnail","6":"product_cat-gemas-de-coleccion","7":"product_cat-cuarzo","8":"product_cat-el-hoyazo","9":"product_cat-gemstones","11":"first","12":"instock","13":"sold-individually","14":"shipping-taxable","15":"purchasable","16":"product-type-simple"},"exclude_global_add_ons":[],"addons":[],"_links":{"self":[{"href":"https:\/\/amadofolch.com\/es\/wp-json\/wp\/v2\/product\/4265","targetHints":{"allow":["GET"]}}],"collection":[{"href":"https:\/\/amadofolch.com\/es\/wp-json\/wp\/v2\/product"}],"about":[{"href":"https:\/\/amadofolch.com\/es\/wp-json\/wp\/v2\/types\/product"}],"wp:featuredmedia":[{"embeddable":true,"href":"https:\/\/amadofolch.com\/es\/wp-json\/wp\/v2\/media\/4269"}],"wp:attachment":[{"href":"https:\/\/amadofolch.com\/es\/wp-json\/wp\/v2\/media?parent=4265"}],"wp:term":[{"taxonomy":"product_brand","embeddable":true,"href":"https:\/\/amadofolch.com\/es\/wp-json\/wp\/v2\/product_brand?post=4265"},{"taxonomy":"product_cat","embeddable":true,"href":"https:\/\/amadofolch.com\/es\/wp-json\/wp\/v2\/product_cat?post=4265"},{"taxonomy":"product_tag","embeddable":true,"href":"https:\/\/amadofolch.com\/es\/wp-json\/wp\/v2\/product_tag?post=4265"}],"curies":[{"name":"wp","href":"https:\/\/api.w.org\/{rel}","templated":true}]}}