{"id":4677,"date":"2026-02-20T12:49:43","date_gmt":"2026-02-20T12:49:43","guid":{"rendered":"https:\/\/amadofolch.com\/?post_type=product&#038;p=4677"},"modified":"2026-03-14T11:40:01","modified_gmt":"2026-03-14T11:40:01","slug":"granate-el-hoyazo","status":"publish","type":"product","link":"https:\/\/amadofolch.com\/es\/product\/granate-el-hoyazo\/","title":{"rendered":"Granate O.42 Ct 4.3mm (El Hoyazo)"},"content":{"rendered":"<p>[et_pb_section fb_built=\u00bb1&#8243; _builder_version=\u00bb4.27.5&#8243; custom_margin=\u00bb||39px||false|false\u00bb custom_padding=\u00bb0px||50px||false|false\u00bb global_colors_info=\u00bb{}\u00bb][et_pb_row _builder_version=\u00bb4.16&#8243; background_size=\u00bbinitial\u00bb background_position=\u00bbtop_left\u00bb background_repeat=\u00bbrepeat\u00bb width=\u00bb100%\u00bb custom_padding=\u00bb0px||0px||false|false\u00bb global_colors_info=\u00bb{}\u00bb][et_pb_column type=\u00bb4_4&#8243; _builder_version=\u00bb4.16&#8243; custom_padding=\u00bb|||\u00bb global_colors_info=\u00bb{}\u00bb custom_padding__hover=\u00bb|||\u00bb][et_pb_wc_breadcrumb _builder_version=\u00bb4.16&#8243; global_colors_info=\u00bb{}\u00bb][\/et_pb_wc_breadcrumb][et_pb_wc_cart_notice _builder_version=\u00bb4.16&#8243; global_colors_info=\u00bb{}\u00bb][\/et_pb_wc_cart_notice][\/et_pb_column][\/et_pb_row][et_pb_row column_structure=\u00bb1_2,1_2&#8243; _builder_version=\u00bb4.16&#8243; background_size=\u00bbinitial\u00bb background_position=\u00bbtop_left\u00bb background_repeat=\u00bbrepeat\u00bb width=\u00bb100%\u00bb custom_padding=\u00bb0px||||false|false\u00bb global_colors_info=\u00bb{}\u00bb][et_pb_column type=\u00bb1_2&#8243; _builder_version=\u00bb4.16&#8243; custom_padding=\u00bb|||\u00bb global_colors_info=\u00bb{}\u00bb custom_padding__hover=\u00bb|||\u00bb][et_pb_wc_images _builder_version=\u00bb4.16&#8243; global_colors_info=\u00bb{}\u00bb][\/et_pb_wc_images][et_pb_video src=\u00bbhttps:\/\/amadofolch.com\/wp-content\/uploads\/2026\/02\/IMG_0768-2-1.mov\u00bb _builder_version=\u00bb4.27.5&#8243; _module_preset=\u00bbdefault\u00bb width=\u00bb77%\u00bb global_colors_info=\u00bb{}\u00bb][\/et_pb_video][et_pb_text _builder_version=\u00bb4.27.6&#8243; _module_preset=\u00bbdefault\u00bb text_font=\u00bbAbel||||||||\u00bb text_font_size=\u00bb17px\u00bb text_orientation=\u00bbcenter\u00bb hover_enabled=\u00bb0&#8243; sticky_enabled=\u00bb0&#8243; locked=\u00bboff\u00bb]<\/p>\n<p>Luz natural<\/p>\n<p>[\/et_pb_text][\/et_pb_column][et_pb_column type=\u00bb1_2&#8243; _builder_version=\u00bb4.16&#8243; custom_padding=\u00bb|||\u00bb global_colors_info=\u00bb{}\u00bb custom_padding__hover=\u00bb|||\u00bb][et_pb_wc_title _builder_version=\u00bb4.16&#8243; global_colors_info=\u00bb{}\u00bb][\/et_pb_wc_title][et_pb_wc_rating _builder_version=\u00bb4.16&#8243; global_colors_info=\u00bb{}\u00bb][\/et_pb_wc_rating][et_pb_wc_price _builder_version=\u00bb4.16&#8243; global_colors_info=\u00bb{}\u00bb][\/et_pb_wc_price][et_pb_wc_description _builder_version=\u00bb4.21.0&#8243; text_orientation=\u00bbjustified\u00bb global_colors_info=\u00bb{}\u00bb][\/et_pb_wc_description][et_pb_wc_add_to_cart show_quantity=\u00bboff\u00bb show_stock=\u00bboff\u00bb _builder_version=\u00bb4.21.0&#8243; global_colors_info=\u00bb{}\u00bb][\/et_pb_wc_add_to_cart][et_pb_wc_meta _builder_version=\u00bb4.16&#8243; global_colors_info=\u00bb{}\u00bb][\/et_pb_wc_meta][\/et_pb_column][\/et_pb_row][\/et_pb_section]<\/p>\n","protected":false},"excerpt":{"rendered":"<div class=\"woocommerce-product-details__short-description\">\n<p><strong>Gema:\u00a0<\/strong><em>Granate<\/em><\/p>\n<p><strong>Peso<\/strong>: \u00a0<em>0.<\/em><em>42 Ct<\/em><\/p>\n<p><strong>Tama\u00f1o:<\/strong>\u00a0 <em>4.3 <\/em><em>mm<\/em><\/p>\n<p><strong>Origen:<\/strong> <em>Nijar (El Hoyazo)<\/em><\/p>\n<p><strong>Tratamiento:\u00a0<\/strong><em>Ninguno<\/em><\/p>\n<p><strong>Pureza<\/strong>: <em>VVS1 Muy muy peque\u00f1as inclusiones<\/em><\/p>\n<p><strong>Notas: <\/strong><em>En el yacimiento de La Hoya en N\u00edjar (el cr\u00e1ter de un volcan) podemos encontrar diferentes minerales entre ellos granates de tipo Almandino\/Andradita \u00abGranatillas\u00bb y Cristobalitas, es muy dif\u00edcil encontrar alguna de calidad gema para poder ser tallada, pero de vez en cuando aparecen algunas y es un aut\u00e9ntico placer facetar estas rar\u00edsimas y \u00fanicas gemas. Esta es una granatilla de las de mejor calidad que ofrece el yacimiento, la medida es peque\u00f1a pero el color y el cristal son excelentes. He escogido la talla \u00abSeven Steps\u00bb de Andrew Ian Brown para potenciar las cualidades de la gema.<\/em><\/p>\n<p><span class=\"s1\"><b>Incluye certificado gemol\u00f3gico:<\/b><\/span> <i>con foto del cristal en bruto y diagrama de talla.<\/i><\/p>\n<p><img loading=\"lazy\" decoding=\"async\" class=\"alignnone wp-image-4261\" src=\"https:\/\/amadofolch.com\/wp-content\/uploads\/2026\/01\/certificatweb.jpg\" alt=\"\" width=\"400\" height=\"131\" \/><\/p>\n<\/div>\n<p>&nbsp;<\/p>\n<p><strong>El granate natural, una familia de gemas<\/strong><\/p>\n<p><span data-removefontsize=\"true\" data-originalcomputedfontsize=\"16\">Los granates son una gran familia de piedras preciosas, los podemos encontrar en pr\u00e1cticamente todos los tama\u00f1os, formas y colores excepto el azul, han sido usados desde la edad de bronce como piedras preciosas. En Egipto adornaban los anillos de los faraones, en una tumba de m\u00e1s de 5.000 a\u00f1os se encontr\u00f3 un collar de granates pulidos.<\/span> <span data-removefontsize=\"true\" data-originalcomputedfontsize=\"16\">Siglos m\u00e1s tarde, en Roma los granates rojos se encontraban entre las gemas m\u00e1s comercializadas y ya en la Edad Media, el clero y la nobleza prefer\u00edan el granate rojo a las otras gemas. <\/span><span data-removefontsize=\"true\" data-originalcomputedfontsize=\"16\">Los demantoides y las tsavolitas, los dos de color verde, son algunas de sus variedades de mayor valor, tambi\u00e9n lo son los bonitos colores rosados y rojos claros. Con el reciente descubrimiento en Tanzania en el valle de Umba de un yacimiento de gemas de incre\u00edble color magenta y violeta (Umbalitas) se crea una nueva categor\u00eda de granates que desean las joyer\u00edas mas exclusivas y que se ofrecen a precios cada vez mayores. Los granates puros son incoloros pero muy raros, los colores aparecen por trazas de diferentes elementos en su estructura cristalina.<\/span><\/p>\n<p><strong>El Hoyazo<\/strong><\/p>\n<p>El Hoyazo (N\u00edjar, Almer\u00eda) es el cr\u00e1ter de un antiguo volc\u00e1n submarino formado hace aproximadamente <span class=\"s1\"><b>10 millones de a\u00f1os<\/b><\/span>. Tras su extinci\u00f3n, se desarrollaron <span class=\"s1\"><b>arrecifes de coral<\/b><\/span> en los bordes del cr\u00e1ter, hoy fosilizados.La erosi\u00f3n y el descenso del nivel del mar han conservado una estructura geol\u00f3gica excepcional.<\/p>\n<p>En el interior del cr\u00e1ter se encuentran minerales y cristales como <span class=\"s2\"><b>sillimanita, biotita, cordierita, cristobalita y granates<\/b><\/span>. Son cristales procedentes de rocas antiguas y profundas que el magma incorpor\u00f3 durante su ascenso y transport\u00f3 hasta la superficie.<\/p>\n<p class=\"p1\"><b>\u00bfExisten granates de calidad gema en El Hoyazo?<\/b><\/p>\n<p class=\"p1\">S\u00ed, pero son muy raros: aproximadamente <span class=\"s1\"><b>1 de cada 1.000<\/b><\/span>puede presentar <span class=\"s1\"><b>calidad gema<\/b><\/span>, con gran transparencia y un bonito rojo intenso. Encontrar uno es dar con un aut\u00e9ntico tesoro que puede tallarse en una gema preciosa y \u00fanica.<\/p>\n<p><span style=\"color: #0000ff;\"><strong><a style=\"color: #0000ff;\" href=\"https:\/\/amadofolch.com\/es\/el-hoyazo\/\">Conoce El Hoyazo<\/a><\/strong><\/span><\/p>\n<p><strong>El granate es la gema de enero.<\/strong><\/p>\n<p>&nbsp;<\/p>\n<p class=\"p1\"><span style=\"color: #bf0a0a;\">Si no est\u00e1s totalmente satisfecho, puedes <span class=\"s1\"><b>devolver la gema<\/b><\/span>.<\/span><\/p>\n","protected":false},"featured_media":4688,"template":"","meta":{"_et_pb_use_builder":"on","_et_pb_old_content":"","_et_gb_content_width":""},"product_brand":[],"product_cat":[78,79,40,82],"product_tag":[],"class_list":{"0":"post-4677","1":"product","2":"type-product","3":"status-publish","4":"has-post-thumbnail","6":"product_cat-gemas-de-coleccion","7":"product_cat-el-hoyazo","8":"product_cat-gemstones","9":"product_cat-granates","11":"first","12":"instock","13":"sold-individually","14":"shipping-taxable","15":"purchasable","16":"product-type-simple"},"exclude_global_add_ons":[],"addons":[],"_links":{"self":[{"href":"https:\/\/amadofolch.com\/es\/wp-json\/wp\/v2\/product\/4677","targetHints":{"allow":["GET"]}}],"collection":[{"href":"https:\/\/amadofolch.com\/es\/wp-json\/wp\/v2\/product"}],"about":[{"href":"https:\/\/amadofolch.com\/es\/wp-json\/wp\/v2\/types\/product"}],"wp:featuredmedia":[{"embeddable":true,"href":"https:\/\/amadofolch.com\/es\/wp-json\/wp\/v2\/media\/4688"}],"wp:attachment":[{"href":"https:\/\/amadofolch.com\/es\/wp-json\/wp\/v2\/media?parent=4677"}],"wp:term":[{"taxonomy":"product_brand","embeddable":true,"href":"https:\/\/amadofolch.com\/es\/wp-json\/wp\/v2\/product_brand?post=4677"},{"taxonomy":"product_cat","embeddable":true,"href":"https:\/\/amadofolch.com\/es\/wp-json\/wp\/v2\/product_cat?post=4677"},{"taxonomy":"product_tag","embeddable":true,"href":"https:\/\/amadofolch.com\/es\/wp-json\/wp\/v2\/product_tag?post=4677"}],"curies":[{"name":"wp","href":"https:\/\/api.w.org\/{rel}","templated":true}]}}